{"id":3918,"date":"2026-02-19T11:33:08","date_gmt":"2026-02-19T11:33:08","guid":{"rendered":"https:\/\/waveconsultores.com\/?page_id=3918"},"modified":"2026-02-19T11:41:33","modified_gmt":"2026-02-19T11:41:33","slug":"formacion-financiera-y-empresarial","status":"publish","type":"page","link":"https:\/\/waveconsultores.com\/ca\/formacion-financiera-y-empresarial\/","title":{"rendered":"Formaci\u00f3 financera i empresarial"},"content":{"rendered":"<div data-elementor-type=\"wp-page\" data-elementor-id=\"3918\" class=\"elementor elementor-3918\" data-elementor-settings=\"{&quot;ha_cmc_init_switcher&quot;:&quot;no&quot;}\" data-elementor-post-type=\"page\">\n\t\t\t\t<div class=\"elementor-element elementor-element-e9d7777 e-flex e-con-boxed e-con e-parent\" data-id=\"e9d7777\" data-element_type=\"container\" data-e-type=\"container\" data-settings=\"{&quot;background_background&quot;:&quot;classic&quot;,&quot;_ha_eqh_enable&quot;:false}\">\n\t\t\t\t\t<div class=\"e-con-inner\">\n\t\t\t\t<div class=\"elementor-element elementor-element-f18fc6c animated-slow elementor-widget elementor-widget-heading\" data-id=\"f18fc6c\" data-element_type=\"widget\" data-e-type=\"widget\" data-settings=\"{&quot;_animation&quot;:&quot;none&quot;}\" data-widget_type=\"heading.default\">\n\t\t\t\t<div class=\"elementor-widget-container\">\n\t\t\t\t\t<h1 class=\"elementor-heading-title elementor-size-default\">Formaci\u00f3 financera i empresarial<\/h1>\t\t\t\t<\/div>\n\t\t\t\t<\/div>\n\t\t\t\t\t<\/div>\n\t\t\t\t<\/div>\n\t\t<div class=\"elementor-element elementor-element-4ca4ea1 e-flex e-con-boxed e-con e-parent\" data-id=\"4ca4ea1\" data-element_type=\"container\" data-e-type=\"container\" data-settings=\"{&quot;_ha_eqh_enable&quot;:false}\">\n\t\t\t\t\t<div class=\"e-con-inner\">\n\t\t<div class=\"elementor-element elementor-element-f3c02c1 e-con-full e-flex e-con e-child\" data-id=\"f3c02c1\" data-element_type=\"container\" data-e-type=\"container\" data-settings=\"{&quot;_ha_eqh_enable&quot;:false}\">\n\t\t\t\t<div class=\"elementor-element elementor-element-c7b7eca animated-slow elementor-widget elementor-widget-heading\" data-id=\"c7b7eca\" data-element_type=\"widget\" data-e-type=\"widget\" data-settings=\"{&quot;_animation&quot;:&quot;none&quot;,&quot;_animation_delay&quot;:200}\" data-widget_type=\"heading.default\">\n\t\t\t\t<div class=\"elementor-widget-container\">\n\t\t\t\t\t<h2 class=\"elementor-heading-title elementor-size-default\">Descripci\u00f3:<\/h2>\t\t\t\t<\/div>\n\t\t\t\t<\/div>\n\t\t\t\t<div class=\"elementor-element elementor-element-315f571 animated-slow elementor-widget elementor-widget-text-editor\" data-id=\"315f571\" data-element_type=\"widget\" data-e-type=\"widget\" data-settings=\"{&quot;_animation&quot;:&quot;none&quot;,&quot;_animation_delay&quot;:400}\" data-widget_type=\"text-editor.default\">\n\t\t\t\t<div class=\"elementor-widget-container\">\n\t\t\t\t\t\t\t\t\t<p>Formaci\u00f3 pr\u00e0ctica i accessible en finances i gesti\u00f3 empresarial, adaptada al nivell i la realitat de cada organitzaci\u00f3. Des de fonaments clau fins a eines avan\u00e7ades per prendre millors decisions econ\u00f2miques.<\/p>\t\t\t\t\t\t\t\t<\/div>\n\t\t\t\t<\/div>\n\t\t\t\t<\/div>\n\t\t<div class=\"elementor-element elementor-element-e0a8efa e-con-full e-flex e-con e-child\" data-id=\"e0a8efa\" data-element_type=\"container\" data-e-type=\"container\" data-settings=\"{&quot;_ha_eqh_enable&quot;:false}\">\n\t\t\t\t<div class=\"elementor-element elementor-element-db88114 animated-slow elementor-widget elementor-widget-heading\" data-id=\"db88114\" data-element_type=\"widget\" data-e-type=\"widget\" data-settings=\"{&quot;_animation&quot;:&quot;none&quot;,&quot;_animation_delay&quot;:200}\" data-widget_type=\"heading.default\">\n\t\t\t\t<div class=\"elementor-widget-container\">\n\t\t\t\t\t<h3 class=\"elementor-heading-title elementor-size-default\">Per a qui:<\/h3>\t\t\t\t<\/div>\n\t\t\t\t<\/div>\n\t\t\t\t<div class=\"elementor-element elementor-element-c15903a animated-slow elementor-widget elementor-widget-text-editor\" data-id=\"c15903a\" data-element_type=\"widget\" data-e-type=\"widget\" data-settings=\"{&quot;_animation&quot;:&quot;none&quot;,&quot;_animation_delay&quot;:400}\" data-widget_type=\"text-editor.default\">\n\t\t\t\t<div class=\"elementor-widget-container\">\n\t\t\t\t\t\t\t\t\t<p>Equips, emprenedors, empresaris<\/p>\t\t\t\t\t\t\t\t<\/div>\n\t\t\t\t<\/div>\n\t\t\t\t<div class=\"elementor-element elementor-element-e9317bd animated-slow elementor-widget elementor-widget-heading\" data-id=\"e9317bd\" data-element_type=\"widget\" data-e-type=\"widget\" data-settings=\"{&quot;_animation&quot;:&quot;none&quot;,&quot;_animation_delay&quot;:200}\" data-widget_type=\"heading.default\">\n\t\t\t\t<div class=\"elementor-widget-container\">\n\t\t\t\t\t<h3 class=\"elementor-heading-title elementor-size-default\">format:<\/h3>\t\t\t\t<\/div>\n\t\t\t\t<\/div>\n\t\t\t\t<div class=\"elementor-element elementor-element-cade9cd animated-slow elementor-widget elementor-widget-text-editor\" data-id=\"cade9cd\" data-element_type=\"widget\" data-e-type=\"widget\" data-settings=\"{&quot;_animation&quot;:&quot;none&quot;,&quot;_animation_delay&quot;:400}\" data-widget_type=\"text-editor.default\">\n\t\t\t\t<div class=\"elementor-widget-container\">\n\t\t\t\t\t\t\t\t\t<p>Presencial, en l\u00ednia o h\u00edbrid<\/p>\t\t\t\t\t\t\t\t<\/div>\n\t\t\t\t<\/div>\n\t\t\t\t<\/div>\n\t\t\t\t\t<\/div>\n\t\t\t\t<\/div>\n\t\t<div class=\"elementor-element elementor-element-d475d1b e-flex e-con-boxed e-con e-parent\" data-id=\"d475d1b\" data-element_type=\"container\" data-e-type=\"container\" data-settings=\"{&quot;background_background&quot;:&quot;classic&quot;,&quot;_ha_eqh_enable&quot;:false}\">\n\t\t\t\t\t<div class=\"e-con-inner\">\n\t\t<div class=\"elementor-element elementor-element-efabd88 e-con-full e-flex e-con e-child\" data-id=\"efabd88\" data-element_type=\"container\" data-e-type=\"container\" data-settings=\"{&quot;animation&quot;:&quot;none&quot;,&quot;_ha_eqh_enable&quot;:false}\">\n\t\t<div class=\"elementor-element elementor-element-d9d332e e-con-full e-flex e-con e-child\" data-id=\"d9d332e\" data-element_type=\"container\" data-e-type=\"container\" data-settings=\"{&quot;_ha_eqh_enable&quot;:false}\">\n\t\t\t\t<div class=\"elementor-element elementor-element-a4913ce animated-slow elementor-widget elementor-widget-heading\" data-id=\"a4913ce\" data-element_type=\"widget\" data-e-type=\"widget\" data-settings=\"{&quot;_animation&quot;:&quot;none&quot;,&quot;_animation_delay&quot;:200}\" data-widget_type=\"heading.default\">\n\t\t\t\t<div class=\"elementor-widget-container\">\n\t\t\t\t\t<h2 class=\"elementor-heading-title elementor-size-default\">qu\u00e8 inclou?<\/h2>\t\t\t\t<\/div>\n\t\t\t\t<\/div>\n\t\t\t\t<div class=\"elementor-element elementor-element-9b0d7d6 elementor-icon-list--layout-traditional elementor-list-item-link-full_width elementor-widget elementor-widget-icon-list\" data-id=\"9b0d7d6\" data-element_type=\"widget\" data-e-type=\"widget\" data-widget_type=\"icon-list.default\">\n\t\t\t\t<div class=\"elementor-widget-container\">\n\t\t\t\t\t\t\t<ul class=\"elementor-icon-list-items\">\n\t\t\t\t\t\t\t<li class=\"elementor-icon-list-item\">\n\t\t\t\t\t\t\t\t\t\t\t<span class=\"elementor-icon-list-icon\">\n\t\t\t\t\t\t\t<svg aria-hidden=\"true\" class=\"e-font-icon-svg e-fas-check\" viewbox=\"0 0 512 512\" xmlns=\"http:\/\/www.w3.org\/2000\/svg\"><path d=\"M173.898 439.404l-166.4-166.4c-9.997-9.997-9.997-26.206 0-36.204l36.203-36.204c9.997-9.998 26.207-9.998 36.204 0L192 312.69 432.095 72.596c9.997-9.997 26.207-9.997 36.204 0l36.203 36.204c9.997 9.997 9.997 26.206 0 36.204l-294.4 294.401c-9.998 9.997-26.207 9.997-36.204-.001z\"><\/path><\/svg>\t\t\t\t\t\t<\/span>\n\t\t\t\t\t\t\t\t\t\t<span class=\"elementor-icon-list-text\">Finances empresarials i personals<\/span>\n\t\t\t\t\t\t\t\t\t<\/li>\n\t\t\t\t\t\t\t\t<li class=\"elementor-icon-list-item\">\n\t\t\t\t\t\t\t\t\t\t\t<span class=\"elementor-icon-list-icon\">\n\t\t\t\t\t\t\t<svg aria-hidden=\"true\" class=\"e-font-icon-svg e-fas-check\" viewbox=\"0 0 512 512\" xmlns=\"http:\/\/www.w3.org\/2000\/svg\"><path d=\"M173.898 439.404l-166.4-166.4c-9.997-9.997-9.997-26.206 0-36.204l36.203-36.204c9.997-9.998 26.207-9.998 36.204 0L192 312.69 432.095 72.596c9.997-9.997 26.207-9.997 36.204 0l36.203 36.204c9.997 9.997 9.997 26.206 0 36.204l-294.4 294.401c-9.998 9.997-26.207 9.997-36.204-.001z\"><\/path><\/svg>\t\t\t\t\t\t<\/span>\n\t\t\t\t\t\t\t\t\t\t<span class=\"elementor-icon-list-text\">Gesti\u00f3 econ\u00f2mica i pressupost\u00e0ria<\/span>\n\t\t\t\t\t\t\t\t\t<\/li>\n\t\t\t\t\t\t\t\t<li class=\"elementor-icon-list-item\">\n\t\t\t\t\t\t\t\t\t\t\t<span class=\"elementor-icon-list-icon\">\n\t\t\t\t\t\t\t<svg aria-hidden=\"true\" class=\"e-font-icon-svg e-fas-check\" viewbox=\"0 0 512 512\" xmlns=\"http:\/\/www.w3.org\/2000\/svg\"><path d=\"M173.898 439.404l-166.4-166.4c-9.997-9.997-9.997-26.206 0-36.204l36.203-36.204c9.997-9.998 26.207-9.998 36.204 0L192 312.69 432.095 72.596c9.997-9.997 26.207-9.997 36.204 0l36.203 36.204c9.997 9.997 9.997 26.206 0 36.204l-294.4 294.401c-9.998 9.997-26.207 9.997-36.204-.001z\"><\/path><\/svg>\t\t\t\t\t\t<\/span>\n\t\t\t\t\t\t\t\t\t\t<span class=\"elementor-icon-list-text\">An\u00e0lisi de decisions financeres<\/span>\n\t\t\t\t\t\t\t\t\t<\/li>\n\t\t\t\t\t\t\t\t<li class=\"elementor-icon-list-item\">\n\t\t\t\t\t\t\t\t\t\t\t<span class=\"elementor-icon-list-icon\">\n\t\t\t\t\t\t\t<svg aria-hidden=\"true\" class=\"e-font-icon-svg e-fas-check\" viewbox=\"0 0 512 512\" xmlns=\"http:\/\/www.w3.org\/2000\/svg\"><path d=\"M173.898 439.404l-166.4-166.4c-9.997-9.997-9.997-26.206 0-36.204l36.203-36.204c9.997-9.998 26.207-9.998 36.204 0L192 312.69 432.095 72.596c9.997-9.997 26.207-9.997 36.204 0l36.203 36.204c9.997 9.997 9.997 26.206 0 36.204l-294.4 294.401c-9.998 9.997-26.207 9.997-36.204-.001z\"><\/path><\/svg>\t\t\t\t\t\t<\/span>\n\t\t\t\t\t\t\t\t\t\t<span class=\"elementor-icon-list-text\">Responsabilitat social i sostenibilitat<\/span>\n\t\t\t\t\t\t\t\t\t<\/li>\n\t\t\t\t\t\t<\/ul>\n\t\t\t\t\t\t<\/div>\n\t\t\t\t<\/div>\n\t\t\t\t<\/div>\n\t\t\t\t<\/div>\n\t\t<div class=\"elementor-element elementor-element-33a0f9f e-con-full e-flex e-con e-child\" data-id=\"33a0f9f\" data-element_type=\"container\" data-e-type=\"container\" data-settings=\"{&quot;animation&quot;:&quot;none&quot;,&quot;background_background&quot;:&quot;classic&quot;,&quot;_ha_eqh_enable&quot;:false}\">\n\t\t\t\t<div class=\"elementor-element elementor-element-f23777c elementor-widget elementor-widget-image\" data-id=\"f23777c\" data-element_type=\"widget\" data-e-type=\"widget\" data-widget_type=\"image.default\">\n\t\t\t\t<div class=\"elementor-widget-container\">\n\t\t\t\t\t\t\t\t\t\t\t\t\t\t\t<img fetchpriority=\"high\" decoding=\"async\" width=\"2000\" height=\"1414\" src=\"https:\/\/waveconsultores.com\/wp-content\/uploads\/2025\/08\/estudio-de-viabilidad-economica-3.jpg\" class=\"attachment-full size-full wp-image-3375\" alt=\"\" srcset=\"https:\/\/waveconsultores.com\/wp-content\/uploads\/2025\/08\/estudio-de-viabilidad-economica-3.jpg 2000w, https:\/\/waveconsultores.com\/wp-content\/uploads\/2025\/08\/estudio-de-viabilidad-economica-3-300x212.jpg 300w, https:\/\/waveconsultores.com\/wp-content\/uploads\/2025\/08\/estudio-de-viabilidad-economica-3-1024x724.jpg 1024w, https:\/\/waveconsultores.com\/wp-content\/uploads\/2025\/08\/estudio-de-viabilidad-economica-3-768x543.jpg 768w, https:\/\/waveconsultores.com\/wp-content\/uploads\/2025\/08\/estudio-de-viabilidad-economica-3-1536x1086.jpg 1536w, https:\/\/waveconsultores.com\/wp-content\/uploads\/2025\/08\/estudio-de-viabilidad-economica-3-18x12.jpg 18w\" sizes=\"(max-width: 2000px) 100vw, 2000px\" \/>\t\t\t\t\t\t\t\t\t\t\t\t\t\t\t<\/div>\n\t\t\t\t<\/div>\n\t\t\t\t<\/div>\n\t\t\t\t\t<\/div>\n\t\t\t\t<\/div>\n\t\t<div class=\"elementor-element elementor-element-fe784e1 e-flex e-con-boxed e-con e-child\" data-id=\"fe784e1\" data-element_type=\"container\" data-e-type=\"container\" data-settings=\"{&quot;background_background&quot;:&quot;classic&quot;,&quot;_ha_eqh_enable&quot;:false}\">\n\t\t\t\t\t<div class=\"e-con-inner\">\n\t\t<div class=\"elementor-element elementor-element-5fcce86 e-flex e-con-boxed elementor-invisible e-con e-child\" data-id=\"5fcce86\" data-element_type=\"container\" data-e-type=\"container\" data-settings=\"{&quot;animation&quot;:&quot;fadeInDown&quot;,&quot;_ha_eqh_enable&quot;:false}\">\n\t\t\t\t\t<div class=\"e-con-inner\">\n\t\t\t\t<div class=\"elementor-element elementor-element-75cfc7a animated-slow elementor-invisible elementor-widget elementor-widget-heading\" data-id=\"75cfc7a\" data-element_type=\"widget\" data-e-type=\"widget\" data-settings=\"{&quot;_animation&quot;:&quot;fadeInDown&quot;}\" data-widget_type=\"heading.default\">\n\t\t\t\t<div class=\"elementor-widget-container\">\n\t\t\t\t\t<h2 class=\"elementor-heading-title elementor-size-default\">Formaci\u00f3 que transforma, coneixement que impulsa<\/h2>\t\t\t\t<\/div>\n\t\t\t\t<\/div>\n\t\t\t\t<div class=\"elementor-element elementor-element-2af61c0 animated-slow elementor-invisible elementor-widget elementor-widget-text-editor\" data-id=\"2af61c0\" data-element_type=\"widget\" data-e-type=\"widget\" data-settings=\"{&quot;_animation&quot;:&quot;fadeInDown&quot;,&quot;_animation_delay&quot;:100}\" data-widget_type=\"text-editor.default\">\n\t\t\t\t<div class=\"elementor-widget-container\">\n\t\t\t\t\t\t\t\t\t<p class=\"\" data-start=\"229\" data-end=\"480\">A Wave Consultores dissenyem programes formatius a mida per a empreses i professionals que volen estar un pas endavant.<\/p>\t\t\t\t\t\t\t\t<\/div>\n\t\t\t\t<\/div>\n\t\t\t\t\t<\/div>\n\t\t\t\t<\/div>\n\t\t\t\t<div class=\"elementor-element elementor-element-8c8fafa elementor-align-justify elementor-widget elementor-widget-button\" data-id=\"8c8fafa\" data-element_type=\"widget\" data-e-type=\"widget\" data-widget_type=\"button.default\">\n\t\t\t\t<div class=\"elementor-widget-container\">\n\t\t\t\t\t\t\t\t\t<div class=\"elementor-button-wrapper\">\n\t\t\t\t\t<a class=\"elementor-button elementor-button-link elementor-size-sm\" href=\"https:\/\/waveconsultores.com\/ca\/contacto\/\">\n\t\t\t\t\t\t<span class=\"elementor-button-content-wrapper\">\n\t\t\t\t\t\t\t\t\t<span class=\"elementor-button-text\">A punt per aprendre, aplicar i liderar el canvi?<br>Contacta amb nosaltres<\/span>\n\t\t\t\t\t<\/span>\n\t\t\t\t\t<\/a>\n\t\t\t\t<\/div>\n\t\t\t\t\t\t\t\t<\/div>\n\t\t\t\t<\/div>\n\t\t\t\t\t<\/div>\n\t\t\t\t<\/div>\n\t\t\t\t<\/div>","protected":false},"excerpt":{"rendered":"<p>Descripci\u00f3n: Formaci\u00f3n pr\u00e1ctica y accesible en finanzas y gesti\u00f3n empresarial, adaptada al nivel y realidad de cada organizaci\u00f3n. Desde fundamentos clave hasta herramientas avanzadas para tomar mejores decisiones econ\u00f3micas. Para qui\u00e9n: Equipos, emprendedores, empresarios formato: Presencial, online o h\u00edbrido \u00bfque incluye? Finanzas empresariales y personales Gesti\u00f3n econ\u00f3mica y presupuestaria An\u00e1lisis de decisiones financieras Responsabilidad social [&hellip;]<\/p>\n","protected":false},"author":3,"featured_media":0,"parent":0,"menu_order":0,"comment_status":"closed","ping_status":"closed","template":"","meta":{"footnotes":""},"class_list":["post-3918","page","type-page","status-publish","hentry"],"yoast_head":"<!-- This site is optimized with the Yoast SEO plugin v27.2 - https:\/\/yoast.com\/product\/yoast-seo-wordpress\/ -->\n<title>Formaci\u00f3n financiera y empresarial - Wave Consultores<\/title>\n<meta name=\"robots\" content=\"index, follow, max-snippet:-1, max-image-preview:large, max-video-preview:-1\" \/>\n<link rel=\"canonical\" href=\"https:\/\/waveconsultores.com\/ca\/formacion-financiera-y-empresarial\/\" \/>\n<meta property=\"og:locale\" content=\"ca_ES\" \/>\n<meta property=\"og:type\" content=\"article\" \/>\n<meta property=\"og:title\" content=\"Formaci\u00f3n financiera y empresarial - Wave Consultores\" \/>\n<meta property=\"og:description\" content=\"Descripci\u00f3n: Formaci\u00f3n pr\u00e1ctica y accesible en finanzas y gesti\u00f3n empresarial, adaptada al nivel y realidad de cada organizaci\u00f3n. Desde fundamentos clave hasta herramientas avanzadas para tomar mejores decisiones econ\u00f3micas. Para qui\u00e9n: Equipos, emprendedores, empresarios formato: Presencial, online o h\u00edbrido \u00bfque incluye? Finanzas empresariales y personales Gesti\u00f3n econ\u00f3mica y presupuestaria An\u00e1lisis de decisiones financieras Responsabilidad social [&hellip;]\" \/>\n<meta property=\"og:url\" content=\"https:\/\/waveconsultores.com\/ca\/formacion-financiera-y-empresarial\/\" \/>\n<meta property=\"og:site_name\" content=\"Wave Consultores\" \/>\n<meta property=\"article:modified_time\" content=\"2026-02-19T11:41:33+00:00\" \/>\n<meta property=\"og:image\" content=\"https:\/\/waveconsultores.com\/wp-content\/uploads\/2025\/08\/estudio-de-viabilidad-economica-3.jpg\" \/>\n\t<meta property=\"og:image:width\" content=\"2000\" \/>\n\t<meta property=\"og:image:height\" content=\"1414\" \/>\n\t<meta property=\"og:image:type\" content=\"image\/jpeg\" \/>\n<meta name=\"twitter:card\" content=\"summary_large_image\" \/>\n<meta name=\"twitter:label1\" content=\"Temps estimat de lectura\" \/>\n\t<meta name=\"twitter:data1\" content=\"1 minut\" \/>\n<script type=\"application\/ld+json\" class=\"yoast-schema-graph\">{\"@context\":\"https:\/\/schema.org\",\"@graph\":[{\"@type\":\"WebPage\",\"@id\":\"https:\/\/waveconsultores.com\/formacion-financiera-y-empresarial\/\",\"url\":\"https:\/\/waveconsultores.com\/formacion-financiera-y-empresarial\/\",\"name\":\"Formaci\u00f3n financiera y empresarial - Wave Consultores\",\"isPartOf\":{\"@id\":\"https:\/\/waveconsultores.com\/#website\"},\"primaryImageOfPage\":{\"@id\":\"https:\/\/waveconsultores.com\/formacion-financiera-y-empresarial\/#primaryimage\"},\"image\":{\"@id\":\"https:\/\/waveconsultores.com\/formacion-financiera-y-empresarial\/#primaryimage\"},\"thumbnailUrl\":\"https:\/\/waveconsultores.com\/wp-content\/uploads\/2025\/08\/estudio-de-viabilidad-economica-3.jpg\",\"datePublished\":\"2026-02-19T11:33:08+00:00\",\"dateModified\":\"2026-02-19T11:41:33+00:00\",\"breadcrumb\":{\"@id\":\"https:\/\/waveconsultores.com\/formacion-financiera-y-empresarial\/#breadcrumb\"},\"inLanguage\":\"ca\",\"potentialAction\":[{\"@type\":\"ReadAction\",\"target\":[\"https:\/\/waveconsultores.com\/formacion-financiera-y-empresarial\/\"]}]},{\"@type\":\"ImageObject\",\"inLanguage\":\"ca\",\"@id\":\"https:\/\/waveconsultores.com\/formacion-financiera-y-empresarial\/#primaryimage\",\"url\":\"https:\/\/waveconsultores.com\/wp-content\/uploads\/2025\/08\/estudio-de-viabilidad-economica-3.jpg\",\"contentUrl\":\"https:\/\/waveconsultores.com\/wp-content\/uploads\/2025\/08\/estudio-de-viabilidad-economica-3.jpg\"},{\"@type\":\"BreadcrumbList\",\"@id\":\"https:\/\/waveconsultores.com\/formacion-financiera-y-empresarial\/#breadcrumb\",\"itemListElement\":[{\"@type\":\"ListItem\",\"position\":1,\"name\":\"Portada\",\"item\":\"https:\/\/waveconsultores.com\/\"},{\"@type\":\"ListItem\",\"position\":2,\"name\":\"Formaci\u00f3n financiera y empresarial\"}]},{\"@type\":\"WebSite\",\"@id\":\"https:\/\/waveconsultores.com\/#website\",\"url\":\"https:\/\/waveconsultores.com\/\",\"name\":\"Wave Consultores\",\"description\":\"Consultor\u00eda y gesti\u00f3n empresarial\",\"publisher\":{\"@id\":\"https:\/\/waveconsultores.com\/#organization\"},\"potentialAction\":[{\"@type\":\"SearchAction\",\"target\":{\"@type\":\"EntryPoint\",\"urlTemplate\":\"https:\/\/waveconsultores.com\/?s={search_term_string}\"},\"query-input\":{\"@type\":\"PropertyValueSpecification\",\"valueRequired\":true,\"valueName\":\"search_term_string\"}}],\"inLanguage\":\"ca\"},{\"@type\":\"Organization\",\"@id\":\"https:\/\/waveconsultores.com\/#organization\",\"name\":\"Wave Consultores\",\"url\":\"https:\/\/waveconsultores.com\/\",\"logo\":{\"@type\":\"ImageObject\",\"inLanguage\":\"ca\",\"@id\":\"https:\/\/waveconsultores.com\/#\/schema\/logo\/image\/\",\"url\":\"https:\/\/waveconsultores.com\/wp-content\/uploads\/2025\/03\/logo.jpeg\",\"contentUrl\":\"https:\/\/waveconsultores.com\/wp-content\/uploads\/2025\/03\/logo.jpeg\",\"width\":167,\"height\":88,\"caption\":\"Wave Consultores\"},\"image\":{\"@id\":\"https:\/\/waveconsultores.com\/#\/schema\/logo\/image\/\"}}]}<\/script>\n<!-- \/ Yoast SEO plugin. -->","yoast_head_json":{"title":"Formaci\u00f3n financiera y empresarial - Wave Consultores","robots":{"index":"index","follow":"follow","max-snippet":"max-snippet:-1","max-image-preview":"max-image-preview:large","max-video-preview":"max-video-preview:-1"},"canonical":"https:\/\/waveconsultores.com\/ca\/formacion-financiera-y-empresarial\/","og_locale":"ca_ES","og_type":"article","og_title":"Formaci\u00f3n financiera y empresarial - Wave Consultores","og_description":"Descripci\u00f3n: Formaci\u00f3n pr\u00e1ctica y accesible en finanzas y gesti\u00f3n empresarial, adaptada al nivel y realidad de cada organizaci\u00f3n. Desde fundamentos clave hasta herramientas avanzadas para tomar mejores decisiones econ\u00f3micas. Para qui\u00e9n: Equipos, emprendedores, empresarios formato: Presencial, online o h\u00edbrido \u00bfque incluye? Finanzas empresariales y personales Gesti\u00f3n econ\u00f3mica y presupuestaria An\u00e1lisis de decisiones financieras Responsabilidad social [&hellip;]","og_url":"https:\/\/waveconsultores.com\/ca\/formacion-financiera-y-empresarial\/","og_site_name":"Wave Consultores","article_modified_time":"2026-02-19T11:41:33+00:00","og_image":[{"width":2000,"height":1414,"url":"https:\/\/waveconsultores.com\/wp-content\/uploads\/2025\/08\/estudio-de-viabilidad-economica-3.jpg","type":"image\/jpeg"}],"twitter_card":"summary_large_image","twitter_misc":{"Temps estimat de lectura":"1 minut"},"schema":{"@context":"https:\/\/schema.org","@graph":[{"@type":"WebPage","@id":"https:\/\/waveconsultores.com\/formacion-financiera-y-empresarial\/","url":"https:\/\/waveconsultores.com\/formacion-financiera-y-empresarial\/","name":"Formaci\u00f3n financiera y empresarial - Wave Consultores","isPartOf":{"@id":"https:\/\/waveconsultores.com\/#website"},"primaryImageOfPage":{"@id":"https:\/\/waveconsultores.com\/formacion-financiera-y-empresarial\/#primaryimage"},"image":{"@id":"https:\/\/waveconsultores.com\/formacion-financiera-y-empresarial\/#primaryimage"},"thumbnailUrl":"https:\/\/waveconsultores.com\/wp-content\/uploads\/2025\/08\/estudio-de-viabilidad-economica-3.jpg","datePublished":"2026-02-19T11:33:08+00:00","dateModified":"2026-02-19T11:41:33+00:00","breadcrumb":{"@id":"https:\/\/waveconsultores.com\/formacion-financiera-y-empresarial\/#breadcrumb"},"inLanguage":"ca","potentialAction":[{"@type":"ReadAction","target":["https:\/\/waveconsultores.com\/formacion-financiera-y-empresarial\/"]}]},{"@type":"ImageObject","inLanguage":"ca","@id":"https:\/\/waveconsultores.com\/formacion-financiera-y-empresarial\/#primaryimage","url":"https:\/\/waveconsultores.com\/wp-content\/uploads\/2025\/08\/estudio-de-viabilidad-economica-3.jpg","contentUrl":"https:\/\/waveconsultores.com\/wp-content\/uploads\/2025\/08\/estudio-de-viabilidad-economica-3.jpg"},{"@type":"BreadcrumbList","@id":"https:\/\/waveconsultores.com\/formacion-financiera-y-empresarial\/#breadcrumb","itemListElement":[{"@type":"ListItem","position":1,"name":"Portada","item":"https:\/\/waveconsultores.com\/"},{"@type":"ListItem","position":2,"name":"Formaci\u00f3n financiera y empresarial"}]},{"@type":"WebSite","@id":"https:\/\/waveconsultores.com\/#website","url":"https:\/\/waveconsultores.com\/","name":"Wave Consultors","description":"Consultoria i gesti\u00f3 empresarial","publisher":{"@id":"https:\/\/waveconsultores.com\/#organization"},"potentialAction":[{"@type":"SearchAction","target":{"@type":"EntryPoint","urlTemplate":"https:\/\/waveconsultores.com\/?s={search_term_string}"},"query-input":{"@type":"PropertyValueSpecification","valueRequired":true,"valueName":"search_term_string"}}],"inLanguage":"ca"},{"@type":"Organization","@id":"https:\/\/waveconsultores.com\/#organization","name":"Wave Consultors","url":"https:\/\/waveconsultores.com\/","logo":{"@type":"ImageObject","inLanguage":"ca","@id":"https:\/\/waveconsultores.com\/#\/schema\/logo\/image\/","url":"https:\/\/waveconsultores.com\/wp-content\/uploads\/2025\/03\/logo.jpeg","contentUrl":"https:\/\/waveconsultores.com\/wp-content\/uploads\/2025\/03\/logo.jpeg","width":167,"height":88,"caption":"Wave Consultores"},"image":{"@id":"https:\/\/waveconsultores.com\/#\/schema\/logo\/image\/"}}]}},"_links":{"self":[{"href":"https:\/\/waveconsultores.com\/ca\/wp-json\/wp\/v2\/pages\/3918","targetHints":{"allow":["GET"]}}],"collection":[{"href":"https:\/\/waveconsultores.com\/ca\/wp-json\/wp\/v2\/pages"}],"about":[{"href":"https:\/\/waveconsultores.com\/ca\/wp-json\/wp\/v2\/types\/page"}],"author":[{"embeddable":true,"href":"https:\/\/waveconsultores.com\/ca\/wp-json\/wp\/v2\/users\/3"}],"replies":[{"embeddable":true,"href":"https:\/\/waveconsultores.com\/ca\/wp-json\/wp\/v2\/comments?post=3918"}],"version-history":[{"count":5,"href":"https:\/\/waveconsultores.com\/ca\/wp-json\/wp\/v2\/pages\/3918\/revisions"}],"predecessor-version":[{"id":3934,"href":"https:\/\/waveconsultores.com\/ca\/wp-json\/wp\/v2\/pages\/3918\/revisions\/3934"}],"wp:attachment":[{"href":"https:\/\/waveconsultores.com\/ca\/wp-json\/wp\/v2\/media?parent=3918"}],"curies":[{"name":"wp","href":"https:\/\/api.w.org\/{rel}","templated":true}]}}