{"id":264,"date":"2025-03-12T10:27:42","date_gmt":"2025-03-12T10:27:42","guid":{"rendered":"https:\/\/waveconsultores.com\/sobre-mi\/"},"modified":"2025-06-17T07:06:44","modified_gmt":"2025-06-17T07:06:44","slug":"sobre-nosotras","status":"publish","type":"page","link":"https:\/\/waveconsultores.com\/ca\/sobre-nosotras\/","title":{"rendered":"Sobre nosaltres"},"content":{"rendered":"<div data-elementor-type=\"wp-page\" data-elementor-id=\"264\" class=\"elementor elementor-264\" data-elementor-settings=\"{&quot;ha_cmc_init_switcher&quot;:&quot;no&quot;}\" data-elementor-post-type=\"page\">\n\t\t\t\t<div class=\"elementor-element elementor-element-181e96e0 e-flex e-con-boxed e-con e-parent\" data-id=\"181e96e0\" data-element_type=\"container\" data-e-type=\"container\" data-settings=\"{&quot;background_background&quot;:&quot;classic&quot;,&quot;_ha_eqh_enable&quot;:false}\">\n\t\t\t\t\t<div class=\"e-con-inner\">\n\t\t\t\t<div class=\"elementor-element elementor-element-2a37ba39 animated-slow elementor-invisible elementor-widget elementor-widget-heading\" data-id=\"2a37ba39\" data-element_type=\"widget\" data-e-type=\"widget\" data-settings=\"{&quot;_animation&quot;:&quot;fadeInDown&quot;}\" data-widget_type=\"heading.default\">\n\t\t\t\t<div class=\"elementor-widget-container\">\n\t\t\t\t\t<h1 class=\"elementor-heading-title elementor-size-default\">Sobre nosaltres<\/h1>\t\t\t\t<\/div>\n\t\t\t\t<\/div>\n\t\t\t\t\t<\/div>\n\t\t\t\t<\/div>\n\t\t<div class=\"elementor-element elementor-element-7e7a0fb7 e-flex e-con-boxed e-con e-parent\" data-id=\"7e7a0fb7\" data-element_type=\"container\" data-e-type=\"container\" data-settings=\"{&quot;background_background&quot;:&quot;classic&quot;,&quot;_ha_eqh_enable&quot;:false}\">\n\t\t\t\t\t<div class=\"e-con-inner\">\n\t\t<div class=\"elementor-element elementor-element-1bd3dbfb e-con-full e-flex elementor-invisible e-con e-child\" data-id=\"1bd3dbfb\" data-element_type=\"container\" data-e-type=\"container\" data-settings=\"{&quot;animation&quot;:&quot;fadeInDown&quot;,&quot;_ha_eqh_enable&quot;:false}\">\n\t\t<div class=\"elementor-element elementor-element-5d30dc0 e-con-full e-flex e-con e-child\" data-id=\"5d30dc0\" data-element_type=\"container\" data-e-type=\"container\" data-settings=\"{&quot;_ha_eqh_enable&quot;:false}\">\n\t\t\t\t<div class=\"elementor-element elementor-element-24954bcb animated-slow elementor-invisible elementor-widget elementor-widget-heading\" data-id=\"24954bcb\" data-element_type=\"widget\" data-e-type=\"widget\" data-settings=\"{&quot;_animation&quot;:&quot;fadeInDown&quot;}\" data-widget_type=\"heading.default\">\n\t\t\t\t<div class=\"elementor-widget-container\">\n\t\t\t\t\t<h2 class=\"elementor-heading-title elementor-size-default\">Acompanyem les organitzacions cap a una gesti\u00f3 m\u00e9s estrat\u00e8gica, conscient i amb impacte\n\n<\/h2>\t\t\t\t<\/div>\n\t\t\t\t<\/div>\n\t\t\t\t<\/div>\n\t\t\t\t<\/div>\n\t\t<div class=\"elementor-element elementor-element-23c7748e e-con-full e-flex elementor-invisible e-con e-child\" data-id=\"23c7748e\" data-element_type=\"container\" data-e-type=\"container\" data-settings=\"{&quot;animation&quot;:&quot;fadeInUp&quot;,&quot;_ha_eqh_enable&quot;:false}\">\n\t\t\t\t<div class=\"elementor-element elementor-element-10921d30 animated-slow elementor-invisible elementor-widget elementor-widget-text-editor\" data-id=\"10921d30\" data-element_type=\"widget\" data-e-type=\"widget\" data-settings=\"{&quot;_animation&quot;:&quot;fadeInDown&quot;,&quot;_animation_delay&quot;:400}\" data-widget_type=\"text-editor.default\">\n\t\t\t\t<div class=\"elementor-widget-container\">\n\t\t\t\t\t\t\t\t\t<p>A Wave Consultores, fusionem la nostra experi\u00e8ncia en consultoria, auditoria i formaci\u00f3 per acompanyar les empreses en el seu cam\u00ed cap a una gesti\u00f3 m\u00e9s conscient i alineada amb els valors de sostenibilitat. Amb traject\u00f2ria a firmes com PwC i en l&#039;\u00e0mbit acad\u00e8mic, oferim solucions pr\u00e0ctiques i adaptades a les necessitats de cada client. Sabem que la sostenibilitat no \u00e9s una opci\u00f3, sin\u00f3 una necessitat urgent. Per aix\u00f2 treballem amb un enfocament de triple impacte: econ\u00f2mic, social i ambiental, sempre amb l&#039;objectiu de generar un canvi real i positiu.<\/p>\t\t\t\t\t\t\t\t<\/div>\n\t\t\t\t<\/div>\n\t\t\t\t<\/div>\n\t\t\t\t\t<\/div>\n\t\t\t\t<\/div>\n\t\t<div class=\"elementor-element elementor-element-71fc013 e-flex e-con-boxed e-con e-parent\" data-id=\"71fc013\" data-element_type=\"container\" data-e-type=\"container\" data-settings=\"{&quot;background_background&quot;:&quot;classic&quot;,&quot;_ha_eqh_enable&quot;:false}\">\n\t\t\t\t\t<div class=\"e-con-inner\">\n\t\t<div class=\"elementor-element elementor-element-d01f0f0 e-con-full e-flex elementor-invisible e-con e-child\" data-id=\"d01f0f0\" data-element_type=\"container\" data-e-type=\"container\" data-settings=\"{&quot;animation&quot;:&quot;fadeInUp&quot;,&quot;background_background&quot;:&quot;classic&quot;,&quot;_ha_eqh_enable&quot;:false}\">\n\t\t\t\t<div class=\"elementor-element elementor-element-9d0f07f elementor-widget elementor-widget-image\" data-id=\"9d0f07f\" data-element_type=\"widget\" data-e-type=\"widget\" data-widget_type=\"image.default\">\n\t\t\t\t<div class=\"elementor-widget-container\">\n\t\t\t\t\t\t\t\t\t\t\t\t\t\t\t<img fetchpriority=\"high\" decoding=\"async\" width=\"386\" height=\"356\" src=\"https:\/\/waveconsultores.com\/wp-content\/uploads\/2025\/03\/TATIANA.png\" class=\"attachment-full size-full wp-image-1467\" alt=\"\" srcset=\"https:\/\/waveconsultores.com\/wp-content\/uploads\/2025\/03\/TATIANA.png 386w, https:\/\/waveconsultores.com\/wp-content\/uploads\/2025\/03\/TATIANA-300x277.png 300w\" sizes=\"(max-width: 386px) 100vw, 386px\" \/>\t\t\t\t\t\t\t\t\t\t\t\t\t\t\t<\/div>\n\t\t\t\t<\/div>\n\t\t\t\t<\/div>\n\t\t<div class=\"elementor-element elementor-element-67e5dd6 e-con-full e-flex elementor-invisible e-con e-child\" data-id=\"67e5dd6\" data-element_type=\"container\" data-e-type=\"container\" data-settings=\"{&quot;animation&quot;:&quot;fadeInDown&quot;,&quot;_ha_eqh_enable&quot;:false}\">\n\t\t<div class=\"elementor-element elementor-element-58a6122 e-con-full e-flex e-con e-child\" data-id=\"58a6122\" data-element_type=\"container\" data-e-type=\"container\" data-settings=\"{&quot;_ha_eqh_enable&quot;:false}\">\n\t\t\t\t<div class=\"elementor-element elementor-element-b662990 animated-slow elementor-invisible elementor-widget elementor-widget-heading\" data-id=\"b662990\" data-element_type=\"widget\" data-e-type=\"widget\" data-settings=\"{&quot;_animation&quot;:&quot;fadeInDown&quot;,&quot;_animation_delay&quot;:200}\" data-widget_type=\"heading.default\">\n\t\t\t\t<div class=\"elementor-widget-container\">\n\t\t\t\t\t<h2 class=\"elementor-heading-title elementor-size-default\">TATIANA: visi\u00f3 estrat\u00e8gica i focus en rendibilitat<\/h2>\t\t\t\t<\/div>\n\t\t\t\t<\/div>\n\t\t\t\t<div class=\"elementor-element elementor-element-0a77959 animated-slow elementor-invisible elementor-widget elementor-widget-text-editor\" data-id=\"0a77959\" data-element_type=\"widget\" data-e-type=\"widget\" data-settings=\"{&quot;_animation&quot;:&quot;fadeInDown&quot;,&quot;_animation_delay&quot;:400}\" data-widget_type=\"text-editor.default\">\n\t\t\t\t<div class=\"elementor-widget-container\">\n\t\t\t\t\t\t\t\t\t<p>Tatiana compta amb una s\u00f2lida traject\u00f2ria en auditoria i consultoria financera. La seva experi\u00e8ncia ha perm\u00e8s desenvolupar una visi\u00f3 anal\u00edtica i estrat\u00e8gica orientada a optimitzar estructures econ\u00f2miques, analitzar la rendibilitat dels negocis i detectar oportunitats de millora amb impacte real.<\/p><p>Combina el rigor t\u00e8cnic amb solucions pr\u00e0ctiques, ajudant les empreses a prendre decisions informades, eficaces i sostenibles.<\/p><p>A m\u00e9s de la seva tasca com a consultora, \u00e9s docent universit\u00e0ria i dissenya programes formatius per a universitats i empreses, capacitant equips en finances, auditoria i estrat\u00e8gia. Actualment fa un doctorat en sostenibilitat, investigant l&#039;impacte de la transpar\u00e8ncia i els criteris ESG a la competitivitat empresarial.<\/p><p>Tatiana acompanya organitzacions que busquen adaptar-se a noves exig\u00e8ncies normatives, millorar-ne la rendibilitat i avan\u00e7ar amb claredat en entorns de canvi constant.<\/p>\t\t\t\t\t\t\t\t<\/div>\n\t\t\t\t<\/div>\n\t\t\t\t<\/div>\n\t\t\t\t<\/div>\n\t\t\t\t\t<\/div>\n\t\t\t\t<\/div>\n\t\t<div class=\"elementor-element elementor-element-cdfbf1a e-flex e-con-boxed e-con e-parent\" data-id=\"cdfbf1a\" data-element_type=\"container\" data-e-type=\"container\" data-settings=\"{&quot;background_background&quot;:&quot;classic&quot;,&quot;_ha_eqh_enable&quot;:false}\">\n\t\t\t\t\t<div class=\"e-con-inner\">\n\t\t<div class=\"elementor-element elementor-element-9a14305 e-con-full e-flex elementor-invisible e-con e-child\" data-id=\"9a14305\" data-element_type=\"container\" data-e-type=\"container\" data-settings=\"{&quot;animation&quot;:&quot;fadeInUp&quot;,&quot;background_background&quot;:&quot;classic&quot;,&quot;_ha_eqh_enable&quot;:false}\">\n\t\t\t\t<div class=\"elementor-element elementor-element-c51acb2 elementor-widget elementor-widget-image\" data-id=\"c51acb2\" data-element_type=\"widget\" data-e-type=\"widget\" data-widget_type=\"image.default\">\n\t\t\t\t<div class=\"elementor-widget-container\">\n\t\t\t\t\t\t\t\t\t\t\t\t\t\t\t<img decoding=\"async\" width=\"693\" height=\"660\" src=\"https:\/\/waveconsultores.com\/wp-content\/uploads\/2025\/03\/Judith_UNIR_grande.png\" class=\"attachment-full size-full wp-image-1468\" alt=\"\" srcset=\"https:\/\/waveconsultores.com\/wp-content\/uploads\/2025\/03\/Judith_UNIR_grande.png 693w, https:\/\/waveconsultores.com\/wp-content\/uploads\/2025\/03\/Judith_UNIR_grande-300x286.png 300w\" sizes=\"(max-width: 693px) 100vw, 693px\" \/>\t\t\t\t\t\t\t\t\t\t\t\t\t\t\t<\/div>\n\t\t\t\t<\/div>\n\t\t\t\t<\/div>\n\t\t<div class=\"elementor-element elementor-element-d1da091 e-con-full e-flex elementor-invisible e-con e-child\" data-id=\"d1da091\" data-element_type=\"container\" data-e-type=\"container\" data-settings=\"{&quot;animation&quot;:&quot;fadeInDown&quot;,&quot;_ha_eqh_enable&quot;:false}\">\n\t\t<div class=\"elementor-element elementor-element-513bee8 e-con-full e-flex e-con e-child\" data-id=\"513bee8\" data-element_type=\"container\" data-e-type=\"container\" data-settings=\"{&quot;_ha_eqh_enable&quot;:false}\">\n\t\t\t\t<div class=\"elementor-element elementor-element-540c5da animated-slow elementor-invisible elementor-widget elementor-widget-heading\" data-id=\"540c5da\" data-element_type=\"widget\" data-e-type=\"widget\" data-settings=\"{&quot;_animation&quot;:&quot;fadeInDown&quot;,&quot;_animation_delay&quot;:200}\" data-widget_type=\"heading.default\">\n\t\t\t\t<div class=\"elementor-widget-container\">\n\t\t\t\t\t<h2 class=\"elementor-heading-title elementor-size-default\">JUDITH: ESPECIALISTA EN CONTROL DE GESTI\u00d3 I SOSTENIBILITAT CORPORATIVA<\/h2>\t\t\t\t<\/div>\n\t\t\t\t<\/div>\n\t\t\t\t<div class=\"elementor-element elementor-element-c9410d9 animated-slow elementor-invisible elementor-widget elementor-widget-text-editor\" data-id=\"c9410d9\" data-element_type=\"widget\" data-e-type=\"widget\" data-settings=\"{&quot;_animation&quot;:&quot;fadeInDown&quot;,&quot;_animation_delay&quot;:400}\" data-widget_type=\"text-editor.default\">\n\t\t\t\t<div class=\"elementor-widget-container\">\n\t\t\t\t\t\t\t\t\tJudith ha desenvolupat la seva carrera en l&#039;\u00e0mbit de l&#039;auditoria, el control intern i l&#039;an\u00e0lisi financera, i el reporting, principalment al sector energ\u00e8tic. Aquesta experi\u00e8ncia us ha perm\u00e8s con\u00e8ixer en profunditat els reptes operatius i estrat\u00e8gics de les organitzacions, i aportar solucions rigoroses i orientades a l&#039;efici\u00e8ncia i la creaci\u00f3 de valor.\n<br><br>\nCompagina la seva tasca com a consultora amb la doc\u00e8ncia universit\u00e0ria, impartint assignatures vinculades a l&#039;an\u00e0lisi de costos, el control i la gesti\u00f3 estrat\u00e8gica. Aquesta experi\u00e8ncia la connecta amb la reflexi\u00f3 cr\u00edtica i la formaci\u00f3 cont\u00ednua, aportant una mirada rigorosa i actualitzada a cada projecte.\n<br><br>\nEn els darrers anys, s&#039;ha especialitzat en sostenibilitat corporativa, acompanyant empreses en la identificaci\u00f3 d&#039;impactes, riscos i oportunitats, l&#039;an\u00e0lisi de doble materialitat i el compliment de marcs normatius com la CSRD. Creu fermament en la sostenibilitat com a palanca de transformaci\u00f3 i creaci\u00f3 de valor a llarg termini.\n<br><br>\nLa seva capacitat per traduir les complexitats operatives en informaci\u00f3 pr\u00e0ctica, la converteix en una aliada per optimitzar la gesti\u00f3 a les empreses sense perdre de vista el seu impacte a llarg termini.\t\t\t\t\t\t\t\t<\/div>\n\t\t\t\t<\/div>\n\t\t\t\t<\/div>\n\t\t\t\t<\/div>\n\t\t\t\t\t<\/div>\n\t\t\t\t<\/div>\n\t\t<div class=\"elementor-element elementor-element-8155ada e-con-full e-flex e-con e-parent\" data-id=\"8155ada\" data-element_type=\"container\" data-e-type=\"container\" data-settings=\"{&quot;_ha_eqh_enable&quot;:false}\">\n\t\t<div class=\"elementor-element elementor-element-ef52c81 e-flex e-con-boxed e-con e-child\" data-id=\"ef52c81\" data-element_type=\"container\" data-e-type=\"container\" data-settings=\"{&quot;background_background&quot;:&quot;classic&quot;,&quot;_ha_eqh_enable&quot;:false}\">\n\t\t\t\t\t<div class=\"e-con-inner\">\n\t\t<div class=\"elementor-element elementor-element-bbe8f66 e-flex e-con-boxed elementor-invisible e-con e-child\" data-id=\"bbe8f66\" data-element_type=\"container\" data-e-type=\"container\" data-settings=\"{&quot;animation&quot;:&quot;fadeInDown&quot;,&quot;_ha_eqh_enable&quot;:false}\">\n\t\t\t\t\t<div class=\"e-con-inner\">\n\t\t\t\t<div class=\"elementor-element elementor-element-9628a78 animated-slow elementor-invisible elementor-widget elementor-widget-heading\" data-id=\"9628a78\" data-element_type=\"widget\" data-e-type=\"widget\" data-settings=\"{&quot;_animation&quot;:&quot;fadeInDown&quot;}\" data-widget_type=\"heading.default\">\n\t\t\t\t<div class=\"elementor-widget-container\">\n\t\t\t\t\t<h2 class=\"elementor-heading-title elementor-size-default\">Impulsa el teu creixement amb estrat\u00e8gies que marquen la difer\u00e8ncia\n<\/h2>\t\t\t\t<\/div>\n\t\t\t\t<\/div>\n\t\t\t\t<div class=\"elementor-element elementor-element-cef35dc animated-slow elementor-invisible elementor-widget elementor-widget-text-editor\" data-id=\"cef35dc\" data-element_type=\"widget\" data-e-type=\"widget\" data-settings=\"{&quot;_animation&quot;:&quot;fadeInDown&quot;,&quot;_animation_delay&quot;:100}\" data-widget_type=\"text-editor.default\">\n\t\t\t\t<div class=\"elementor-widget-container\">\n\t\t\t\t\t\t\t\t\t<p>A Wave Consultores, estem al teu costat per transformar la teva organitzaci\u00f3, integrant la sostenibilitat de forma pr\u00e0ctica a la teva gesti\u00f3 financera. Oferim formaci\u00f3 personalitzada i solucions a mida perqu\u00e8 la teva empresa creixi de manera estrat\u00e8gica i amb un impacte durador. El nostre comprom\u00eds \u00e9s ajudar-te a assolir un canvi real i positiu.<br \/>\u200b<\/p>\t\t\t\t\t\t\t\t<\/div>\n\t\t\t\t<\/div>\n\t\t\t\t\t<\/div>\n\t\t\t\t<\/div>\n\t\t\t\t<div class=\"elementor-element elementor-element-9fa2538 animated-slow elementor-tablet-align-justify elementor-invisible elementor-widget elementor-widget-button\" data-id=\"9fa2538\" data-element_type=\"widget\" data-e-type=\"widget\" data-settings=\"{&quot;_animation&quot;:&quot;fadeInDown&quot;,&quot;_animation_delay&quot;:600}\" data-widget_type=\"button.default\">\n\t\t\t\t<div class=\"elementor-widget-container\">\n\t\t\t\t\t\t\t\t\t<div class=\"elementor-button-wrapper\">\n\t\t\t\t\t<a class=\"elementor-button elementor-button-link elementor-size-sm\" href=\"https:\/\/waveconsultores.com\/ca\/contacto\/\">\n\t\t\t\t\t\t<span class=\"elementor-button-content-wrapper\">\n\t\t\t\t\t\t\t\t\t<span class=\"elementor-button-text\">Contacta&#039;ns i comen\u00e7a la teva transformaci\u00f3<\/span>\n\t\t\t\t\t<\/span>\n\t\t\t\t\t<\/a>\n\t\t\t\t<\/div>\n\t\t\t\t\t\t\t\t<\/div>\n\t\t\t\t<\/div>\n\t\t\t\t\t<\/div>\n\t\t\t\t<\/div>\n\t\t\t\t<\/div>\n\t\t\t\t<\/div>","protected":false},"excerpt":{"rendered":"<p>Acompa\u00f1amos a las organizaciones hacia una gesti\u00f3n m\u00e1s estrat\u00e9gica, consciente y con impacto En Wave Consultores, fusionamos nuestra experiencia en consultor\u00eda, auditor\u00eda y formaci\u00f3n para acompa\u00f1ar a las empresas en su camino hacia una gesti\u00f3n m\u00e1s consciente y alineada con los valores de sostenibilidad. Con trayectoria en firmas como PwC y en el \u00e1mbito acad\u00e9mico, [&hellip;]<\/p>\n","protected":false},"author":2,"featured_media":0,"parent":0,"menu_order":0,"comment_status":"closed","ping_status":"closed","template":"","meta":{"footnotes":""},"class_list":["post-264","page","type-page","status-publish","hentry"],"yoast_head":"<!-- This site is optimized with the Yoast SEO plugin v27.2 - https:\/\/yoast.com\/product\/yoast-seo-wordpress\/ -->\n<title>Sobre nosotras - Wave Consultores<\/title>\n<meta name=\"robots\" content=\"index, follow, max-snippet:-1, max-image-preview:large, max-video-preview:-1\" \/>\n<link rel=\"canonical\" href=\"https:\/\/waveconsultores.com\/ca\/sobre-nosotras\/\" \/>\n<meta property=\"og:locale\" content=\"ca_ES\" \/>\n<meta property=\"og:type\" content=\"article\" \/>\n<meta property=\"og:title\" content=\"Sobre nosotras - Wave Consultores\" \/>\n<meta property=\"og:description\" content=\"Acompa\u00f1amos a las organizaciones hacia una gesti\u00f3n m\u00e1s estrat\u00e9gica, consciente y con impacto En Wave Consultores, fusionamos nuestra experiencia en consultor\u00eda, auditor\u00eda y formaci\u00f3n para acompa\u00f1ar a las empresas en su camino hacia una gesti\u00f3n m\u00e1s consciente y alineada con los valores de sostenibilidad. Con trayectoria en firmas como PwC y en el \u00e1mbito acad\u00e9mico, [&hellip;]\" \/>\n<meta property=\"og:url\" content=\"https:\/\/waveconsultores.com\/ca\/sobre-nosotras\/\" \/>\n<meta property=\"og:site_name\" content=\"Wave Consultores\" \/>\n<meta property=\"article:modified_time\" content=\"2025-06-17T07:06:44+00:00\" \/>\n<meta property=\"og:image\" content=\"https:\/\/waveconsultores.com\/wp-content\/uploads\/2025\/03\/TATIANA.png\" \/>\n\t<meta property=\"og:image:width\" content=\"386\" \/>\n\t<meta property=\"og:image:height\" content=\"356\" \/>\n\t<meta property=\"og:image:type\" content=\"image\/png\" \/>\n<meta name=\"twitter:card\" content=\"summary_large_image\" \/>\n<meta name=\"twitter:label1\" content=\"Temps estimat de lectura\" \/>\n\t<meta name=\"twitter:data1\" content=\"3 minuts\" \/>\n<script type=\"application\/ld+json\" class=\"yoast-schema-graph\">{\"@context\":\"https:\/\/schema.org\",\"@graph\":[{\"@type\":\"WebPage\",\"@id\":\"https:\/\/waveconsultores.com\/sobre-nosotras\/\",\"url\":\"https:\/\/waveconsultores.com\/sobre-nosotras\/\",\"name\":\"Sobre nosotras - Wave Consultores\",\"isPartOf\":{\"@id\":\"https:\/\/waveconsultores.com\/#website\"},\"primaryImageOfPage\":{\"@id\":\"https:\/\/waveconsultores.com\/sobre-nosotras\/#primaryimage\"},\"image\":{\"@id\":\"https:\/\/waveconsultores.com\/sobre-nosotras\/#primaryimage\"},\"thumbnailUrl\":\"https:\/\/waveconsultores.com\/wp-content\/uploads\/2025\/03\/TATIANA.png\",\"datePublished\":\"2025-03-12T10:27:42+00:00\",\"dateModified\":\"2025-06-17T07:06:44+00:00\",\"breadcrumb\":{\"@id\":\"https:\/\/waveconsultores.com\/sobre-nosotras\/#breadcrumb\"},\"inLanguage\":\"ca\",\"potentialAction\":[{\"@type\":\"ReadAction\",\"target\":[\"https:\/\/waveconsultores.com\/sobre-nosotras\/\"]}]},{\"@type\":\"ImageObject\",\"inLanguage\":\"ca\",\"@id\":\"https:\/\/waveconsultores.com\/sobre-nosotras\/#primaryimage\",\"url\":\"https:\/\/waveconsultores.com\/wp-content\/uploads\/2025\/03\/TATIANA.png\",\"contentUrl\":\"https:\/\/waveconsultores.com\/wp-content\/uploads\/2025\/03\/TATIANA.png\"},{\"@type\":\"BreadcrumbList\",\"@id\":\"https:\/\/waveconsultores.com\/sobre-nosotras\/#breadcrumb\",\"itemListElement\":[{\"@type\":\"ListItem\",\"position\":1,\"name\":\"Portada\",\"item\":\"https:\/\/waveconsultores.com\/\"},{\"@type\":\"ListItem\",\"position\":2,\"name\":\"Sobre nosotras\"}]},{\"@type\":\"WebSite\",\"@id\":\"https:\/\/waveconsultores.com\/#website\",\"url\":\"https:\/\/waveconsultores.com\/\",\"name\":\"Wave Consultores\",\"description\":\"Consultor\u00eda y gesti\u00f3n empresarial\",\"publisher\":{\"@id\":\"https:\/\/waveconsultores.com\/#organization\"},\"potentialAction\":[{\"@type\":\"SearchAction\",\"target\":{\"@type\":\"EntryPoint\",\"urlTemplate\":\"https:\/\/waveconsultores.com\/?s={search_term_string}\"},\"query-input\":{\"@type\":\"PropertyValueSpecification\",\"valueRequired\":true,\"valueName\":\"search_term_string\"}}],\"inLanguage\":\"ca\"},{\"@type\":\"Organization\",\"@id\":\"https:\/\/waveconsultores.com\/#organization\",\"name\":\"Wave Consultores\",\"url\":\"https:\/\/waveconsultores.com\/\",\"logo\":{\"@type\":\"ImageObject\",\"inLanguage\":\"ca\",\"@id\":\"https:\/\/waveconsultores.com\/#\/schema\/logo\/image\/\",\"url\":\"https:\/\/waveconsultores.com\/wp-content\/uploads\/2025\/03\/logo.jpeg\",\"contentUrl\":\"https:\/\/waveconsultores.com\/wp-content\/uploads\/2025\/03\/logo.jpeg\",\"width\":167,\"height\":88,\"caption\":\"Wave Consultores\"},\"image\":{\"@id\":\"https:\/\/waveconsultores.com\/#\/schema\/logo\/image\/\"}}]}<\/script>\n<!-- \/ Yoast SEO plugin. -->","yoast_head_json":{"title":"Sobre nosotras - Wave Consultores","robots":{"index":"index","follow":"follow","max-snippet":"max-snippet:-1","max-image-preview":"max-image-preview:large","max-video-preview":"max-video-preview:-1"},"canonical":"https:\/\/waveconsultores.com\/ca\/sobre-nosotras\/","og_locale":"ca_ES","og_type":"article","og_title":"Sobre nosotras - Wave Consultores","og_description":"Acompa\u00f1amos a las organizaciones hacia una gesti\u00f3n m\u00e1s estrat\u00e9gica, consciente y con impacto En Wave Consultores, fusionamos nuestra experiencia en consultor\u00eda, auditor\u00eda y formaci\u00f3n para acompa\u00f1ar a las empresas en su camino hacia una gesti\u00f3n m\u00e1s consciente y alineada con los valores de sostenibilidad. Con trayectoria en firmas como PwC y en el \u00e1mbito acad\u00e9mico, [&hellip;]","og_url":"https:\/\/waveconsultores.com\/ca\/sobre-nosotras\/","og_site_name":"Wave Consultores","article_modified_time":"2025-06-17T07:06:44+00:00","og_image":[{"width":386,"height":356,"url":"https:\/\/waveconsultores.com\/wp-content\/uploads\/2025\/03\/TATIANA.png","type":"image\/png"}],"twitter_card":"summary_large_image","twitter_misc":{"Temps estimat de lectura":"3 minuts"},"schema":{"@context":"https:\/\/schema.org","@graph":[{"@type":"WebPage","@id":"https:\/\/waveconsultores.com\/sobre-nosotras\/","url":"https:\/\/waveconsultores.com\/sobre-nosotras\/","name":"Sobre nosotras - Wave Consultores","isPartOf":{"@id":"https:\/\/waveconsultores.com\/#website"},"primaryImageOfPage":{"@id":"https:\/\/waveconsultores.com\/sobre-nosotras\/#primaryimage"},"image":{"@id":"https:\/\/waveconsultores.com\/sobre-nosotras\/#primaryimage"},"thumbnailUrl":"https:\/\/waveconsultores.com\/wp-content\/uploads\/2025\/03\/TATIANA.png","datePublished":"2025-03-12T10:27:42+00:00","dateModified":"2025-06-17T07:06:44+00:00","breadcrumb":{"@id":"https:\/\/waveconsultores.com\/sobre-nosotras\/#breadcrumb"},"inLanguage":"ca","potentialAction":[{"@type":"ReadAction","target":["https:\/\/waveconsultores.com\/sobre-nosotras\/"]}]},{"@type":"ImageObject","inLanguage":"ca","@id":"https:\/\/waveconsultores.com\/sobre-nosotras\/#primaryimage","url":"https:\/\/waveconsultores.com\/wp-content\/uploads\/2025\/03\/TATIANA.png","contentUrl":"https:\/\/waveconsultores.com\/wp-content\/uploads\/2025\/03\/TATIANA.png"},{"@type":"BreadcrumbList","@id":"https:\/\/waveconsultores.com\/sobre-nosotras\/#breadcrumb","itemListElement":[{"@type":"ListItem","position":1,"name":"Portada","item":"https:\/\/waveconsultores.com\/"},{"@type":"ListItem","position":2,"name":"Sobre nosotras"}]},{"@type":"WebSite","@id":"https:\/\/waveconsultores.com\/#website","url":"https:\/\/waveconsultores.com\/","name":"Wave Consultors","description":"Consultoria i gesti\u00f3 empresarial","publisher":{"@id":"https:\/\/waveconsultores.com\/#organization"},"potentialAction":[{"@type":"SearchAction","target":{"@type":"EntryPoint","urlTemplate":"https:\/\/waveconsultores.com\/?s={search_term_string}"},"query-input":{"@type":"PropertyValueSpecification","valueRequired":true,"valueName":"search_term_string"}}],"inLanguage":"ca"},{"@type":"Organization","@id":"https:\/\/waveconsultores.com\/#organization","name":"Wave Consultors","url":"https:\/\/waveconsultores.com\/","logo":{"@type":"ImageObject","inLanguage":"ca","@id":"https:\/\/waveconsultores.com\/#\/schema\/logo\/image\/","url":"https:\/\/waveconsultores.com\/wp-content\/uploads\/2025\/03\/logo.jpeg","contentUrl":"https:\/\/waveconsultores.com\/wp-content\/uploads\/2025\/03\/logo.jpeg","width":167,"height":88,"caption":"Wave Consultores"},"image":{"@id":"https:\/\/waveconsultores.com\/#\/schema\/logo\/image\/"}}]}},"_links":{"self":[{"href":"https:\/\/waveconsultores.com\/ca\/wp-json\/wp\/v2\/pages\/264","targetHints":{"allow":["GET"]}}],"collection":[{"href":"https:\/\/waveconsultores.com\/ca\/wp-json\/wp\/v2\/pages"}],"about":[{"href":"https:\/\/waveconsultores.com\/ca\/wp-json\/wp\/v2\/types\/page"}],"author":[{"embeddable":true,"href":"https:\/\/waveconsultores.com\/ca\/wp-json\/wp\/v2\/users\/2"}],"replies":[{"embeddable":true,"href":"https:\/\/waveconsultores.com\/ca\/wp-json\/wp\/v2\/comments?post=264"}],"version-history":[{"count":5,"href":"https:\/\/waveconsultores.com\/ca\/wp-json\/wp\/v2\/pages\/264\/revisions"}],"predecessor-version":[{"id":3290,"href":"https:\/\/waveconsultores.com\/ca\/wp-json\/wp\/v2\/pages\/264\/revisions\/3290"}],"wp:attachment":[{"href":"https:\/\/waveconsultores.com\/ca\/wp-json\/wp\/v2\/media?parent=264"}],"curies":[{"name":"wp","href":"https:\/\/api.w.org\/{rel}","templated":true}]}}