{"id":15,"date":"2025-03-12T08:54:58","date_gmt":"2025-03-12T08:54:58","guid":{"rendered":"https:\/\/waveconsultores.com\/declaracion-de-accesibilidad\/"},"modified":"2025-04-25T10:48:33","modified_gmt":"2025-04-25T10:48:33","slug":"declaracion-de-accesibilidad","status":"publish","type":"page","link":"https:\/\/waveconsultores.com\/ca\/declaracion-de-accesibilidad\/","title":{"rendered":"Declaraci\u00f3 d&#039;accessibilitat"},"content":{"rendered":"<div data-elementor-type=\"wp-page\" data-elementor-id=\"15\" class=\"elementor elementor-15\" data-elementor-settings=\"{&quot;ha_cmc_init_switcher&quot;:&quot;no&quot;}\" data-elementor-post-type=\"page\">\n\t\t\t\t<div class=\"elementor-element elementor-element-13fdff2 e-flex e-con-boxed e-con e-parent\" data-id=\"13fdff2\" data-element_type=\"container\" data-e-type=\"container\" data-settings=\"{&quot;background_background&quot;:&quot;classic&quot;,&quot;_ha_eqh_enable&quot;:false}\">\n\t\t\t\t\t<div class=\"e-con-inner\">\n\t\t<div class=\"elementor-element elementor-element-6752aa14 e-con-full e-flex e-con e-child\" data-id=\"6752aa14\" data-element_type=\"container\" data-e-type=\"container\" data-settings=\"{&quot;_ha_eqh_enable&quot;:false}\">\n\t\t\t\t<div class=\"elementor-element elementor-element-2950c6d1 elementor-widget__width-inherit elementor-widget elementor-widget-heading\" data-id=\"2950c6d1\" data-element_type=\"widget\" data-e-type=\"widget\" data-widget_type=\"heading.default\">\n\t\t\t\t<div class=\"elementor-widget-container\">\n\t\t\t\t\t<h1 class=\"elementor-heading-title elementor-size-default\">Declaraci\u00f3 d&#039;accessibilitat<\/h1>\t\t\t\t<\/div>\n\t\t\t\t<\/div>\n\t\t\t\t<\/div>\n\t\t\t\t\t<\/div>\n\t\t\t\t<\/div>\n\t\t<div class=\"elementor-element elementor-element-1f398d73 e-flex e-con-boxed e-con e-parent\" data-id=\"1f398d73\" data-element_type=\"container\" data-e-type=\"container\" data-settings=\"{&quot;background_background&quot;:&quot;classic&quot;,&quot;_ha_eqh_enable&quot;:false}\">\n\t\t\t\t\t<div class=\"e-con-inner\">\n\t\t\t\t<div class=\"elementor-element elementor-element-6baeaae2 elementor-widget elementor-widget-text-editor\" data-id=\"6baeaae2\" data-element_type=\"widget\" data-e-type=\"widget\" data-widget_type=\"text-editor.default\">\n\t\t\t\t<div class=\"elementor-widget-container\">\n\t\t\t\t\t\t\t\t\t<p>TATIANA TORRES MOR\u00c9 amb NIF 77961714V s&#039;ha comprom\u00e8s a fer accessible el vostre lloc web, de conformitat amb el Reial Decret 1112\/2018, de 7 de setembre, sobre accessibilitat dels llocs web i aplicacions per a dispositius m\u00f2bils del sector p\u00fablic. Aquesta declaraci\u00f3 d&#039;accessibilitat s&#039;aplica a aquest web.<\/p><h3 class=\"wp-block-heading\">Situaci\u00f3 de compliment<\/h3><p>Aquest lloc web est\u00e0 desenvolupat segons el RD 1112\/2018<\/p><h3 class=\"wp-block-heading\">Preparaci\u00f3 per a la seg\u00fcent declaraci\u00f3 d&#039;accessibilitat<\/h3><p>Aquesta declaraci\u00f3 va ser preparada el 20 de maig del 2023.<\/p><p>El m\u00e8tode emprat per preparar la declaraci\u00f3 ha estat una autoavaluaci\u00f3.<\/p><h3 class=\"wp-block-heading\">Contingut opcional<\/h3><p>Podeu realitzar comunicacions sobre requisits d&#039;accessibilitat (article 10.2.a del RD 1112\/2018) com:<\/p><ul><li>Informar sobre qualsevol possible incompliment per part d&#039;aquest lloc web<\/li><li>Transmetre altres dificultats d&#039;acc\u00e9s al contingut<\/li><li>Formular qualsevol altra consulta o suggeriment de millora relativa a l&#039;accessibilitat del lloc web a trav\u00e9s del\u00a0<a href=\"\/ca\/contacto\/\">formulari de contacte<\/a> d&#039;aquest lloc web oa trav\u00e9s del n\u00famero de tel\u00e8fon: <a href=\"tel: 655395533\"><span style=\"font-weight: 400;\">655395533<\/span><\/a><\/li><\/ul><p>Podeu presentar:<\/p><ul><li>Queixa relativa al compliment dels requisits del RD 1112\/2018<\/li><li>Sol\u00b7licitud d&#039;informaci\u00f3 accessible relativa a:<ul><li>Continguts que estan exclosos de l\u00e0mbit daplicaci\u00f3 del RD 1112\/2018 segons el que estableix larticle 3, apartat 4<\/li><li>Continguts que estan exempts del compliment dels requisits d&#039;accessibilitat per imposar una c\u00e0rrega desproporcionada<\/li><li>A la Sol\u00b7licitud d&#039;informaci\u00f3 accessible, cal concretar, amb tota claredat, els fets, les raons i la petici\u00f3 que permetin constatar que es tracta d&#039;una sol\u00b7licitud raonable i leg\u00edtima.<\/li><\/ul><\/li><\/ul><p>Les queixes i reclamacions sobre informaci\u00f3 accessible es realitzaran a trav\u00e9s de la seu electr\u00f2nica (<a href=\"https:\/\/sede.red.gob.es\/procedimientos\/quejas-y-sugerencias\" target=\"_blank\" rel=\"noreferrer noopener\">https:\/\/sede.red.gob.es\/procedimientos\/quejas-y-sugerencias<\/a>), i seran rebudes i tractades per l&#039;\u00e0rea de Sistemes de la Informaci\u00f3 de Red.es.<\/p><h3 class=\"wp-block-heading\">Observacions i dades de contacte<\/h3><ul><li>Si voleu canviar la mida de lletra del text als principals navegadors gr\u00e0fics utilitzeu els men\u00fas seg\u00fcents:<\/li><li>Safari: Veure &gt; Fer el text m\u00e9s gran<\/li><li>Chrome: Controla la p\u00e0gina actual &gt; Mida del text<\/li><\/ul><p>Per modificar la mida de tot a la p\u00e0gina:<\/p><ul><li>Ctrl++ per augmentar-ho<\/li><li>Ctrl + \u2013 per disminuir-ho<\/li><li>Ctrl + 0 restaura la mida original del text<\/li><li>Si el que voleu \u00e9s anul\u00b7lar el full d&#039;estils o modificar el color del text, podeu consultar la p\u00e0gina How to Change Text Size o Colors de la WAI, que es pot llegir tradu\u00eft a l&#039;espanyol a Com canviar la mida del text o colors?<\/li><\/ul>\t\t\t\t\t\t\t\t<\/div>\n\t\t\t\t<\/div>\n\t\t\t\t\t<\/div>\n\t\t\t\t<\/div>\n\t\t\t\t<\/div>","protected":false},"excerpt":{"rendered":"<p>TATIANA TORRES MOR\u00c9 con NIF 77961714V se ha comprometido a hacer accesible su sitio web, de conformidad con el Real Decreto 1112\/2018, de 7 de septiembre, sobre accesibilidad de los sitios web y aplicaciones para dispositivos m\u00f3viles del sector p\u00fablico. Esta declaraci\u00f3n de accesibilidad se aplica a esta web. Situaci\u00f3n de cumplimiento Este sitio web [&hellip;]<\/p>\n","protected":false},"author":1,"featured_media":0,"parent":0,"menu_order":0,"comment_status":"closed","ping_status":"closed","template":"","meta":{"footnotes":""},"class_list":["post-15","page","type-page","status-publish","hentry"],"yoast_head":"<!-- This site is optimized with the Yoast SEO plugin v27.2 - https:\/\/yoast.com\/product\/yoast-seo-wordpress\/ -->\n<title>Declaraci\u00f3n de accesibilidad - Wave Consultores<\/title>\n<meta name=\"robots\" content=\"index, follow, max-snippet:-1, max-image-preview:large, max-video-preview:-1\" \/>\n<link rel=\"canonical\" href=\"https:\/\/waveconsultores.com\/ca\/declaracion-de-accesibilidad\/\" \/>\n<meta property=\"og:locale\" content=\"ca_ES\" \/>\n<meta property=\"og:type\" content=\"article\" \/>\n<meta property=\"og:title\" content=\"Declaraci\u00f3n de accesibilidad - Wave Consultores\" \/>\n<meta property=\"og:description\" content=\"TATIANA TORRES MOR\u00c9 con NIF 77961714V se ha comprometido a hacer accesible su sitio web, de conformidad con el Real Decreto 1112\/2018, de 7 de septiembre, sobre accesibilidad de los sitios web y aplicaciones para dispositivos m\u00f3viles del sector p\u00fablico. Esta declaraci\u00f3n de accesibilidad se aplica a esta web. Situaci\u00f3n de cumplimiento Este sitio web [&hellip;]\" \/>\n<meta property=\"og:url\" content=\"https:\/\/waveconsultores.com\/ca\/declaracion-de-accesibilidad\/\" \/>\n<meta property=\"og:site_name\" content=\"Wave Consultores\" \/>\n<meta property=\"article:modified_time\" content=\"2025-04-25T10:48:33+00:00\" \/>\n<meta name=\"twitter:card\" content=\"summary_large_image\" \/>\n<meta name=\"twitter:label1\" content=\"Temps estimat de lectura\" \/>\n\t<meta name=\"twitter:data1\" content=\"2 minuts\" \/>\n<script type=\"application\/ld+json\" class=\"yoast-schema-graph\">{\"@context\":\"https:\/\/schema.org\",\"@graph\":[{\"@type\":\"WebPage\",\"@id\":\"https:\/\/waveconsultores.com\/declaracion-de-accesibilidad\/\",\"url\":\"https:\/\/waveconsultores.com\/declaracion-de-accesibilidad\/\",\"name\":\"Declaraci\u00f3n de accesibilidad - Wave Consultores\",\"isPartOf\":{\"@id\":\"https:\/\/waveconsultores.com\/#website\"},\"datePublished\":\"2025-03-12T08:54:58+00:00\",\"dateModified\":\"2025-04-25T10:48:33+00:00\",\"breadcrumb\":{\"@id\":\"https:\/\/waveconsultores.com\/declaracion-de-accesibilidad\/#breadcrumb\"},\"inLanguage\":\"ca\",\"potentialAction\":[{\"@type\":\"ReadAction\",\"target\":[\"https:\/\/waveconsultores.com\/declaracion-de-accesibilidad\/\"]}]},{\"@type\":\"BreadcrumbList\",\"@id\":\"https:\/\/waveconsultores.com\/declaracion-de-accesibilidad\/#breadcrumb\",\"itemListElement\":[{\"@type\":\"ListItem\",\"position\":1,\"name\":\"Portada\",\"item\":\"https:\/\/waveconsultores.com\/\"},{\"@type\":\"ListItem\",\"position\":2,\"name\":\"Declaraci\u00f3n de accesibilidad\"}]},{\"@type\":\"WebSite\",\"@id\":\"https:\/\/waveconsultores.com\/#website\",\"url\":\"https:\/\/waveconsultores.com\/\",\"name\":\"Wave Consultores\",\"description\":\"Consultor\u00eda y gesti\u00f3n empresarial\",\"publisher\":{\"@id\":\"https:\/\/waveconsultores.com\/#organization\"},\"potentialAction\":[{\"@type\":\"SearchAction\",\"target\":{\"@type\":\"EntryPoint\",\"urlTemplate\":\"https:\/\/waveconsultores.com\/?s={search_term_string}\"},\"query-input\":{\"@type\":\"PropertyValueSpecification\",\"valueRequired\":true,\"valueName\":\"search_term_string\"}}],\"inLanguage\":\"ca\"},{\"@type\":\"Organization\",\"@id\":\"https:\/\/waveconsultores.com\/#organization\",\"name\":\"Wave Consultores\",\"url\":\"https:\/\/waveconsultores.com\/\",\"logo\":{\"@type\":\"ImageObject\",\"inLanguage\":\"ca\",\"@id\":\"https:\/\/waveconsultores.com\/#\/schema\/logo\/image\/\",\"url\":\"https:\/\/waveconsultores.com\/wp-content\/uploads\/2025\/03\/logo.jpeg\",\"contentUrl\":\"https:\/\/waveconsultores.com\/wp-content\/uploads\/2025\/03\/logo.jpeg\",\"width\":167,\"height\":88,\"caption\":\"Wave Consultores\"},\"image\":{\"@id\":\"https:\/\/waveconsultores.com\/#\/schema\/logo\/image\/\"}}]}<\/script>\n<!-- \/ Yoast SEO plugin. -->","yoast_head_json":{"title":"Declaraci\u00f3n de accesibilidad - Wave Consultores","robots":{"index":"index","follow":"follow","max-snippet":"max-snippet:-1","max-image-preview":"max-image-preview:large","max-video-preview":"max-video-preview:-1"},"canonical":"https:\/\/waveconsultores.com\/ca\/declaracion-de-accesibilidad\/","og_locale":"ca_ES","og_type":"article","og_title":"Declaraci\u00f3n de accesibilidad - Wave Consultores","og_description":"TATIANA TORRES MOR\u00c9 con NIF 77961714V se ha comprometido a hacer accesible su sitio web, de conformidad con el Real Decreto 1112\/2018, de 7 de septiembre, sobre accesibilidad de los sitios web y aplicaciones para dispositivos m\u00f3viles del sector p\u00fablico. Esta declaraci\u00f3n de accesibilidad se aplica a esta web. Situaci\u00f3n de cumplimiento Este sitio web [&hellip;]","og_url":"https:\/\/waveconsultores.com\/ca\/declaracion-de-accesibilidad\/","og_site_name":"Wave Consultores","article_modified_time":"2025-04-25T10:48:33+00:00","twitter_card":"summary_large_image","twitter_misc":{"Temps estimat de lectura":"2 minuts"},"schema":{"@context":"https:\/\/schema.org","@graph":[{"@type":"WebPage","@id":"https:\/\/waveconsultores.com\/declaracion-de-accesibilidad\/","url":"https:\/\/waveconsultores.com\/declaracion-de-accesibilidad\/","name":"Declaraci\u00f3n de accesibilidad - Wave Consultores","isPartOf":{"@id":"https:\/\/waveconsultores.com\/#website"},"datePublished":"2025-03-12T08:54:58+00:00","dateModified":"2025-04-25T10:48:33+00:00","breadcrumb":{"@id":"https:\/\/waveconsultores.com\/declaracion-de-accesibilidad\/#breadcrumb"},"inLanguage":"ca","potentialAction":[{"@type":"ReadAction","target":["https:\/\/waveconsultores.com\/declaracion-de-accesibilidad\/"]}]},{"@type":"BreadcrumbList","@id":"https:\/\/waveconsultores.com\/declaracion-de-accesibilidad\/#breadcrumb","itemListElement":[{"@type":"ListItem","position":1,"name":"Portada","item":"https:\/\/waveconsultores.com\/"},{"@type":"ListItem","position":2,"name":"Declaraci\u00f3n de accesibilidad"}]},{"@type":"WebSite","@id":"https:\/\/waveconsultores.com\/#website","url":"https:\/\/waveconsultores.com\/","name":"Wave Consultors","description":"Consultoria i gesti\u00f3 empresarial","publisher":{"@id":"https:\/\/waveconsultores.com\/#organization"},"potentialAction":[{"@type":"SearchAction","target":{"@type":"EntryPoint","urlTemplate":"https:\/\/waveconsultores.com\/?s={search_term_string}"},"query-input":{"@type":"PropertyValueSpecification","valueRequired":true,"valueName":"search_term_string"}}],"inLanguage":"ca"},{"@type":"Organization","@id":"https:\/\/waveconsultores.com\/#organization","name":"Wave Consultors","url":"https:\/\/waveconsultores.com\/","logo":{"@type":"ImageObject","inLanguage":"ca","@id":"https:\/\/waveconsultores.com\/#\/schema\/logo\/image\/","url":"https:\/\/waveconsultores.com\/wp-content\/uploads\/2025\/03\/logo.jpeg","contentUrl":"https:\/\/waveconsultores.com\/wp-content\/uploads\/2025\/03\/logo.jpeg","width":167,"height":88,"caption":"Wave Consultores"},"image":{"@id":"https:\/\/waveconsultores.com\/#\/schema\/logo\/image\/"}}]}},"_links":{"self":[{"href":"https:\/\/waveconsultores.com\/ca\/wp-json\/wp\/v2\/pages\/15","targetHints":{"allow":["GET"]}}],"collection":[{"href":"https:\/\/waveconsultores.com\/ca\/wp-json\/wp\/v2\/pages"}],"about":[{"href":"https:\/\/waveconsultores.com\/ca\/wp-json\/wp\/v2\/types\/page"}],"author":[{"embeddable":true,"href":"https:\/\/waveconsultores.com\/ca\/wp-json\/wp\/v2\/users\/1"}],"replies":[{"embeddable":true,"href":"https:\/\/waveconsultores.com\/ca\/wp-json\/wp\/v2\/comments?post=15"}],"version-history":[{"count":13,"href":"https:\/\/waveconsultores.com\/ca\/wp-json\/wp\/v2\/pages\/15\/revisions"}],"predecessor-version":[{"id":2030,"href":"https:\/\/waveconsultores.com\/ca\/wp-json\/wp\/v2\/pages\/15\/revisions\/2030"}],"wp:attachment":[{"href":"https:\/\/waveconsultores.com\/ca\/wp-json\/wp\/v2\/media?parent=15"}],"curies":[{"name":"wp","href":"https:\/\/api.w.org\/{rel}","templated":true}]}}