{"id":12,"date":"2025-03-12T08:54:58","date_gmt":"2025-03-12T08:54:58","guid":{"rendered":"https:\/\/waveconsultores.com\/mapa-web\/"},"modified":"2025-03-13T10:11:42","modified_gmt":"2025-03-13T10:11:42","slug":"mapa-web","status":"publish","type":"page","link":"https:\/\/waveconsultores.com\/ca\/mapa-web\/","title":{"rendered":"Mapa web"},"content":{"rendered":"<div data-elementor-type=\"wp-page\" data-elementor-id=\"12\" class=\"elementor elementor-12\" data-elementor-settings=\"{&quot;ha_cmc_init_switcher&quot;:&quot;no&quot;}\" data-elementor-post-type=\"page\">\n\t\t\t\t<div class=\"elementor-element elementor-element-c9fd87b e-flex e-con-boxed e-con e-parent\" data-id=\"c9fd87b\" data-element_type=\"container\" data-e-type=\"container\" data-settings=\"{&quot;background_background&quot;:&quot;classic&quot;,&quot;_ha_eqh_enable&quot;:false}\">\n\t\t\t\t\t<div class=\"e-con-inner\">\n\t\t<div class=\"elementor-element elementor-element-303b0e27 e-con-full e-flex e-con e-child\" data-id=\"303b0e27\" data-element_type=\"container\" data-e-type=\"container\" data-settings=\"{&quot;_ha_eqh_enable&quot;:false}\">\n\t\t\t\t<div class=\"elementor-element elementor-element-2633ecdd elementor-widget__width-inherit elementor-widget elementor-widget-heading\" data-id=\"2633ecdd\" data-element_type=\"widget\" data-e-type=\"widget\" data-widget_type=\"heading.default\">\n\t\t\t\t<div class=\"elementor-widget-container\">\n\t\t\t\t\t<h1 class=\"elementor-heading-title elementor-size-default\">Mapa web<\/h1>\t\t\t\t<\/div>\n\t\t\t\t<\/div>\n\t\t\t\t<\/div>\n\t\t\t\t\t<\/div>\n\t\t\t\t<\/div>\n\t\t<div class=\"elementor-element elementor-element-55697129 e-flex e-con-boxed e-con e-parent\" data-id=\"55697129\" data-element_type=\"container\" data-e-type=\"container\" data-settings=\"{&quot;background_background&quot;:&quot;classic&quot;,&quot;_ha_eqh_enable&quot;:false}\">\n\t\t\t\t\t<div class=\"e-con-inner\">\n\t\t\t\t<div class=\"elementor-element elementor-element-fd65e37 elementor-widget elementor-widget-sitemap\" data-id=\"fd65e37\" data-element_type=\"widget\" data-e-type=\"widget\" data-widget_type=\"sitemap.default\">\n\t\t\t\t<div class=\"elementor-widget-container\">\n\t\t\t\t\t<div class=\"elementor-sitemap-wrap\"><div class=\"elementor-sitemap-section\"><h2 class=\"elementor-sitemap-title elementor-sitemap-page-title\">P\u00e0gines<\/h2><ul class=\"elementor-sitemap-list elementor-sitemap-page-list\"><li class=\"elementor-sitemap-item elementor-sitemap-item-page page_item page-item-4045\"><a href=\"https:\/\/waveconsultores.com\/ca\/consultoria-empresarial-en-barcelona\/\">Consultoria empresarial a Barcelona<\/a><\/li><li class=\"elementor-sitemap-item elementor-sitemap-item-page page_item page-item-4040\"><a href=\"https:\/\/waveconsultores.com\/ca\/consultoria-estrategica-en-barcelona\/\">Consultoria estrat\u00e8gica a Barcelona<\/a><\/li><li class=\"elementor-sitemap-item elementor-sitemap-item-page page_item page-item-4034\"><a href=\"https:\/\/waveconsultores.com\/ca\/consultores-de-empresa-en-barcelona\/\">Consultors d&#039;empresa a Barcelona<\/a><\/li><li class=\"elementor-sitemap-item elementor-sitemap-item-page page_item page-item-4029\"><a href=\"https:\/\/waveconsultores.com\/ca\/asesor-financiero-en-barcelona\/\">assessor financer a Barcelona<\/a><\/li><li class=\"elementor-sitemap-item elementor-sitemap-item-page page_item page-item-4024\"><a href=\"https:\/\/waveconsultores.com\/ca\/consultoria-financiera-en-barcelona\/\">Consultoria financera a Barcelona<\/a><\/li><li class=\"elementor-sitemap-item elementor-sitemap-item-page page_item page-item-4019\"><a href=\"https:\/\/waveconsultores.com\/ca\/consultoria-estrategica-empresarial-en-barcelona\/\">Consultoria estrat\u00e8gica empresarial a Barcelona<\/a><\/li><li class=\"elementor-sitemap-item elementor-sitemap-item-page page_item page-item-4014\"><a href=\"https:\/\/waveconsultores.com\/ca\/consultoria-financiera-para-pymes-en-barcelona\/\">Consultoria financera per a pimes a Barcelona<\/a><\/li><li class=\"elementor-sitemap-item elementor-sitemap-item-page page_item page-item-4006\"><a href=\"https:\/\/waveconsultores.com\/ca\/auditoria-financiera-externa-en-barcelona\/\">Auditoria financera externa a Barcelona<\/a><\/li><li class=\"elementor-sitemap-item elementor-sitemap-item-page page_item page-item-3999\"><a href=\"https:\/\/waveconsultores.com\/ca\/auditoria-financiera-en-barcelona\/\">Auditoria financera a Barcelona<\/a><\/li><li class=\"elementor-sitemap-item elementor-sitemap-item-page page_item page-item-3991\"><a href=\"https:\/\/waveconsultores.com\/ca\/auditoria-para-pymes-en-barcelona\/\">Auditoria per a pimes a Barcelona<\/a><\/li><li class=\"elementor-sitemap-item elementor-sitemap-item-page page_item page-item-3952\"><a href=\"https:\/\/waveconsultores.com\/ca\/acompanamiento-y-mentoria-para-organizaciones\/\">Acompanyament i mentoria per a organitzacions<\/a><\/li><li class=\"elementor-sitemap-item elementor-sitemap-item-page page_item page-item-3944\"><a href=\"https:\/\/waveconsultores.com\/ca\/formacion-estrategica-para-empresas-in-company-e-learning\/\">Formaci\u00f3 estrat\u00e8gica per a empreses (in company &amp; e-learning)<\/a><\/li><li class=\"elementor-sitemap-item elementor-sitemap-item-page page_item page-item-3935\"><a href=\"https:\/\/waveconsultores.com\/ca\/programas-de-mentoria-para-empresarios\/\">Programes de mentoria per a empresaris<\/a><\/li><li class=\"elementor-sitemap-item elementor-sitemap-item-page page_item page-item-3918\"><a href=\"https:\/\/waveconsultores.com\/ca\/formacion-financiera-y-empresarial\/\">Formaci\u00f3 financera i empresarial<\/a><\/li><li class=\"elementor-sitemap-item elementor-sitemap-item-page page_item page-item-3749\"><a href=\"https:\/\/waveconsultores.com\/ca\/casos-de-exito\/\">Casos d&#039;\u00e8xit<\/a><\/li><li class=\"elementor-sitemap-item elementor-sitemap-item-page page_item page-item-3715\"><a href=\"https:\/\/waveconsultores.com\/ca\/direccion-financiera-para-pymes-en-barcelona\/\">Direcci\u00f3 financera per a pimes a Barcelona<\/a><\/li><li class=\"elementor-sitemap-item elementor-sitemap-item-page page_item page-item-3710\"><a href=\"https:\/\/waveconsultores.com\/ca\/estrategia-financiera-para-empresas-en-barcelona\/\">Estrat\u00e8gia financera per a empreses a Barcelona<\/a><\/li><li class=\"elementor-sitemap-item elementor-sitemap-item-page page_item page-item-3701\"><a href=\"https:\/\/waveconsultores.com\/ca\/plan-de-empresa-en-barcelona\/\">Pla d&#039;empresa a Barcelona<\/a><\/li><li class=\"elementor-sitemap-item elementor-sitemap-item-page page_item page-item-3695\"><a href=\"https:\/\/waveconsultores.com\/ca\/formacion-en-informes-de-sostenibilidad-en-barcelona\/\">Formaci\u00f3 en informes de sostenibilitat a Barcelona<\/a><\/li><li class=\"elementor-sitemap-item elementor-sitemap-item-page page_item page-item-3654\"><a href=\"https:\/\/waveconsultores.com\/ca\/estado-de-informacion-no-financiera-en-barcelona\/\">Estat d&#039;informaci\u00f3 no financera a Barcelona<\/a><\/li><li class=\"elementor-sitemap-item elementor-sitemap-item-page page_item page-item-3648\"><a href=\"https:\/\/waveconsultores.com\/ca\/reporting-de-sostenibilidad-en-barcelona\/\">Reporting de sostenibilitat a Barcelona<\/a><\/li><li class=\"elementor-sitemap-item elementor-sitemap-item-page page_item page-item-3522\"><a href=\"https:\/\/waveconsultores.com\/ca\/como-hacer-un-plan-de-empresa-en-barcelona\/\">Com fer un pla d&#039;empresa a Barcelona<\/a><\/li><li class=\"elementor-sitemap-item elementor-sitemap-item-page page_item page-item-3512\"><a href=\"https:\/\/waveconsultores.com\/ca\/verificacion-de-informacion-no-financiera\/\">Verificaci\u00f3 d&#039;informaci\u00f3 no financera<\/a><\/li><li class=\"elementor-sitemap-item elementor-sitemap-item-page page_item page-item-3417\"><a href=\"https:\/\/waveconsultores.com\/ca\/revision-rapida-de-la-csrd-de-wave-consultores\/\">Revisi\u00f3 r\u00e0pida de la CSRD de WAVE CONSULTORS<\/a><\/li><li class=\"elementor-sitemap-item elementor-sitemap-item-page page_item page-item-3397\"><a href=\"https:\/\/waveconsultores.com\/ca\/informes-de-sostenibilidad\/\">Informes de sostenibilitat<\/a><\/li><li class=\"elementor-sitemap-item elementor-sitemap-item-page page_item page-item-3385\"><a href=\"https:\/\/waveconsultores.com\/ca\/externalizacion-direccion-financiera\/\">Externalitzaci\u00f3 de la direcci\u00f3 financera<\/a><\/li><li class=\"elementor-sitemap-item elementor-sitemap-item-page page_item page-item-3380\"><a href=\"https:\/\/waveconsultores.com\/ca\/direccion-financiera-externa\/\">Direcci\u00f3 financera externa<\/a><\/li><li class=\"elementor-sitemap-item elementor-sitemap-item-page page_item page-item-3362\"><a href=\"https:\/\/waveconsultores.com\/ca\/estudio-viabilidad-economica\/\">Estudi viabilitat econ\u00f2mica<\/a><\/li><li class=\"elementor-sitemap-item elementor-sitemap-item-page page_item page-item-3357\"><a href=\"https:\/\/waveconsultores.com\/ca\/consultoria-control-de-gestion\/\">Consultoria control de gesti\u00f3<\/a><\/li><li class=\"elementor-sitemap-item elementor-sitemap-item-page page_item page-item-3338\"><a href=\"https:\/\/waveconsultores.com\/ca\/analisis-financiero-empresarial\/\">An\u00e0lisi financer empresarial<\/a><\/li><li class=\"elementor-sitemap-item elementor-sitemap-item-page page_item page-item-3333\"><a href=\"https:\/\/waveconsultores.com\/ca\/rentabilidad-de-un-negocio\/\">Rendibilitat d&#039;un negoci<\/a><\/li><li class=\"elementor-sitemap-item elementor-sitemap-item-page page_item page-item-3311\"><a href=\"https:\/\/waveconsultores.com\/ca\/consultoria-plan-empresa\/\">Consultoria pla empresa<\/a><\/li><li class=\"elementor-sitemap-item elementor-sitemap-item-page page_item page-item-3306\"><a href=\"https:\/\/waveconsultores.com\/ca\/control-gestion-empresarial\/\">Control gesti\u00f3 empresarial<\/a><\/li><li class=\"elementor-sitemap-item elementor-sitemap-item-page page_item page-item-1420\"><a href=\"https:\/\/waveconsultores.com\/ca\/reporting\/elaboracion-y-revision-de-einf\/\">Elaboraci\u00f3 i revisi\u00f3 d&#039;EINF<\/a><\/li><li class=\"elementor-sitemap-item elementor-sitemap-item-page page_item page-item-1412\"><a href=\"https:\/\/waveconsultores.com\/ca\/sostenibilidad\/analisis-de-doble-materialidad\/\">An\u00e0lisi de doble materialitat<\/a><\/li><li class=\"elementor-sitemap-item elementor-sitemap-item-page page_item page-item-1407\"><a href=\"https:\/\/waveconsultores.com\/ca\/sostenibilidad\/definicion-del-plan-estrategico-de-sostenibilidad\/\">Definici\u00f3 del Pla Estrat\u00e8gic de Sostenibilitat<\/a><\/li><li class=\"elementor-sitemap-item elementor-sitemap-item-page page_item page-item-1402\"><a href=\"https:\/\/waveconsultores.com\/ca\/sostenibilidad\/valoracion-cualitativa-de-la-situacion\/\">Valoraci\u00f3 qualitativa de la situaci\u00f3<\/a><\/li><li class=\"elementor-sitemap-item elementor-sitemap-item-page page_item page-item-1391\"><a href=\"https:\/\/waveconsultores.com\/ca\/gestion-financiera\/estrategia-empresarial\/realizacion-y-seguimiento-del-business-plan\/\">Realitzaci\u00f3 i seguiment del Business Plan<\/a><\/li><li class=\"elementor-sitemap-item elementor-sitemap-item-page page_item page-item-1385\"><a href=\"https:\/\/waveconsultores.com\/ca\/gestion-financiera\/estrategia-empresarial\/valoracion-de-la-situacion-y-contexto-del-negocio\/\">Valoraci\u00f3 de la situaci\u00f3 i context del negoci<\/a><\/li><li class=\"elementor-sitemap-item elementor-sitemap-item-page page_item page-item-1369\"><a href=\"https:\/\/waveconsultores.com\/ca\/reporting\/elaboracion-y-revision-de-estados-financieros-eeff\/\">Elaboraci\u00f3 i revisi\u00f3 d&#039;estats financers (EEFF)<\/a><\/li><li class=\"elementor-sitemap-item elementor-sitemap-item-page page_item page-item-1358\"><a href=\"https:\/\/waveconsultores.com\/ca\/reporting\/\">Reporting<\/a><\/li><li class=\"elementor-sitemap-item elementor-sitemap-item-page page_item page-item-1347\"><a href=\"https:\/\/waveconsultores.com\/ca\/gestion-financiera\/control-de-gestion\/implementacion-de-la-estrategia-economica\/\">Implementaci\u00f3 de lestrat\u00e8gia econ\u00f2mica<\/a><\/li><li class=\"elementor-sitemap-item elementor-sitemap-item-page page_item page-item-1340\"><a href=\"https:\/\/waveconsultores.com\/ca\/gestion-financiera\/control-de-gestion\/auditoria-y-revision-de-procesos\/\">Auditoria i revisi\u00f3 de processos<\/a><\/li><li class=\"elementor-sitemap-item elementor-sitemap-item-page page_item page-item-1326\"><a href=\"https:\/\/waveconsultores.com\/ca\/gestion-financiera\/control-de-gestion\/evaluacion-de-la-situacion-financera-de-la-empresa\/\">Avaluaci\u00f3 de la situaci\u00f3 financera de l&#039;empresa<\/a><\/li><li class=\"elementor-sitemap-item elementor-sitemap-item-page page_item page-item-454\"><a href=\"https:\/\/waveconsultores.com\/ca\/formacion\/formacion-in-company\/\">Formaci\u00f3 in company<\/a><\/li><li class=\"elementor-sitemap-item elementor-sitemap-item-page page_item page-item-452\"><a href=\"https:\/\/waveconsultores.com\/ca\/formacion\/cursos-de-formacion-e-learning\/\">Cursos de formaci\u00f3 e-learning<\/a><\/li><li class=\"elementor-sitemap-item elementor-sitemap-item-page page_item page-item-450\"><a href=\"https:\/\/waveconsultores.com\/ca\/formacion\/divulgacion-financiera\/\">Divulgaci\u00f3 financera<\/a><\/li><li class=\"elementor-sitemap-item elementor-sitemap-item-page page_item page-item-448\"><a href=\"https:\/\/waveconsultores.com\/ca\/formacion\/\">Formaci\u00f3 i mentories<\/a><\/li><li class=\"elementor-sitemap-item elementor-sitemap-item-page page_item page-item-371\"><a href=\"https:\/\/waveconsultores.com\/ca\/auditoria\/revision-de-estados-de-informacion-no-financiera-einf\/\">Revisi\u00f3 d&#039;estats d&#039;informaci\u00f3 no financera (EINF)<\/a><\/li><li class=\"elementor-sitemap-item elementor-sitemap-item-page page_item page-item-369\"><a href=\"https:\/\/waveconsultores.com\/ca\/auditoria\/revision-de-ccaa\/\">Revisi\u00f3 de CCAA<\/a><\/li><li class=\"elementor-sitemap-item elementor-sitemap-item-page page_item page-item-284 current_page_parent\"><a href=\"https:\/\/waveconsultores.com\/ca\/blog\/\">Blog<\/a><\/li><li class=\"elementor-sitemap-item elementor-sitemap-item-page page_item page-item-264\"><a href=\"https:\/\/waveconsultores.com\/ca\/sobre-nosotras\/\">Sobre nosaltres<\/a><\/li><li class=\"elementor-sitemap-item elementor-sitemap-item-page page_item page-item-261\"><a href=\"https:\/\/waveconsultores.com\/ca\/sostenibilidad\/\">Sostenibilitat<\/a><\/li><li class=\"elementor-sitemap-item elementor-sitemap-item-page page_item page-item-257\"><a href=\"https:\/\/waveconsultores.com\/ca\/gestion-financiera\/\">Gesti\u00f3 financera<\/a><\/li><li class=\"elementor-sitemap-item elementor-sitemap-item-page page_item page-item-253\"><a href=\"https:\/\/waveconsultores.com\/ca\/gestion-financiera\/control-de-gestion\/\">Control de gesti\u00f3<\/a><\/li><li class=\"elementor-sitemap-item elementor-sitemap-item-page page_item page-item-224\"><a href=\"https:\/\/waveconsultores.com\/ca\/gestion-financiera\/estrategia-empresarial\/\">Estrat\u00e8gia empresarial<\/a><\/li><li class=\"elementor-sitemap-item elementor-sitemap-item-page page_item page-item-221\"><a href=\"https:\/\/waveconsultores.com\/ca\/auditoria\/\">Auditoria<\/a><\/li><li class=\"elementor-sitemap-item elementor-sitemap-item-page page_item page-item-218\"><a href=\"https:\/\/waveconsultores.com\/ca\/contacto\/\">Contacte<\/a><\/li><li class=\"elementor-sitemap-item elementor-sitemap-item-page page_item page-item-202\"><a href=\"https:\/\/waveconsultores.com\/ca\/\">Inici<\/a><\/li><li class=\"elementor-sitemap-item elementor-sitemap-item-page page_item page-item-24\"><a href=\"https:\/\/waveconsultores.com\/ca\/aviso-legal\/\">Av\u00eds legal<\/a><\/li><li class=\"elementor-sitemap-item elementor-sitemap-item-page page_item page-item-21\"><a href=\"https:\/\/waveconsultores.com\/ca\/politica-de-privacidad\/\">Pol\u00edtica de privadesa<\/a><\/li><li class=\"elementor-sitemap-item elementor-sitemap-item-page page_item page-item-18\"><a href=\"https:\/\/waveconsultores.com\/ca\/politica-de-cookies\/\">Pol\u00edtica de cookies<\/a><\/li><li class=\"elementor-sitemap-item elementor-sitemap-item-page page_item page-item-15\"><a href=\"https:\/\/waveconsultores.com\/ca\/declaracion-de-accesibilidad\/\">Declaraci\u00f3 d&#039;accessibilitat<\/a><\/li><li class=\"elementor-sitemap-item elementor-sitemap-item-page page_item page-item-12\"><a href=\"https:\/\/waveconsultores.com\/ca\/mapa-web\/\">Mapa web<\/a><\/li><\/ul><\/div><div class=\"elementor-sitemap-section\"><h2 class=\"elementor-sitemap-title elementor-sitemap-category-title\">Categories<\/h2><ul class=\"elementor-sitemap-list elementor-sitemap-category-list\">\t<li class=\"elementor-sitemap-item elementor-sitemap-item-category cat-item cat-item-9\"><a href=\"https:\/\/waveconsultores.com\/ca\/category\/sin-categoria\/\">Sense categoria<\/a>\n<\/li>\n\t<li class=\"elementor-sitemap-item elementor-sitemap-item-category cat-item cat-item-1\"><a href=\"https:\/\/waveconsultores.com\/ca\/category\/blog\/\">Blog<\/a>\n<\/li>\n<\/ul><\/div><\/div>\t\t\t\t<\/div>\n\t\t\t\t<\/div>\n\t\t\t\t\t<\/div>\n\t\t\t\t<\/div>\n\t\t\t\t<\/div>","protected":false},"excerpt":{"rendered":"","protected":false},"author":1,"featured_media":0,"parent":0,"menu_order":0,"comment_status":"closed","ping_status":"closed","template":"","meta":{"footnotes":""},"class_list":["post-12","page","type-page","status-publish","hentry"],"yoast_head":"<!-- This site is optimized with the Yoast SEO plugin v27.2 - https:\/\/yoast.com\/product\/yoast-seo-wordpress\/ -->\n<title>Mapa web - Wave Consultores<\/title>\n<meta name=\"robots\" content=\"index, follow, max-snippet:-1, max-image-preview:large, max-video-preview:-1\" \/>\n<link rel=\"canonical\" href=\"https:\/\/waveconsultores.com\/ca\/mapa-web\/\" \/>\n<meta property=\"og:locale\" content=\"ca_ES\" \/>\n<meta property=\"og:type\" content=\"article\" \/>\n<meta property=\"og:title\" content=\"Mapa web - Wave Consultores\" \/>\n<meta property=\"og:url\" content=\"https:\/\/waveconsultores.com\/ca\/mapa-web\/\" \/>\n<meta property=\"og:site_name\" content=\"Wave Consultores\" \/>\n<meta property=\"article:modified_time\" content=\"2025-03-13T10:11:42+00:00\" \/>\n<meta name=\"twitter:card\" content=\"summary_large_image\" \/>\n<script type=\"application\/ld+json\" class=\"yoast-schema-graph\">{\"@context\":\"https:\/\/schema.org\",\"@graph\":[{\"@type\":\"WebPage\",\"@id\":\"https:\/\/waveconsultores.com\/mapa-web\/\",\"url\":\"https:\/\/waveconsultores.com\/mapa-web\/\",\"name\":\"Mapa web - Wave Consultores\",\"isPartOf\":{\"@id\":\"https:\/\/waveconsultores.com\/#website\"},\"datePublished\":\"2025-03-12T08:54:58+00:00\",\"dateModified\":\"2025-03-13T10:11:42+00:00\",\"breadcrumb\":{\"@id\":\"https:\/\/waveconsultores.com\/mapa-web\/#breadcrumb\"},\"inLanguage\":\"ca\",\"potentialAction\":[{\"@type\":\"ReadAction\",\"target\":[\"https:\/\/waveconsultores.com\/mapa-web\/\"]}]},{\"@type\":\"BreadcrumbList\",\"@id\":\"https:\/\/waveconsultores.com\/mapa-web\/#breadcrumb\",\"itemListElement\":[{\"@type\":\"ListItem\",\"position\":1,\"name\":\"Portada\",\"item\":\"https:\/\/waveconsultores.com\/\"},{\"@type\":\"ListItem\",\"position\":2,\"name\":\"Mapa web\"}]},{\"@type\":\"WebSite\",\"@id\":\"https:\/\/waveconsultores.com\/#website\",\"url\":\"https:\/\/waveconsultores.com\/\",\"name\":\"Wave Consultores\",\"description\":\"Consultor\u00eda y gesti\u00f3n empresarial\",\"publisher\":{\"@id\":\"https:\/\/waveconsultores.com\/#organization\"},\"potentialAction\":[{\"@type\":\"SearchAction\",\"target\":{\"@type\":\"EntryPoint\",\"urlTemplate\":\"https:\/\/waveconsultores.com\/?s={search_term_string}\"},\"query-input\":{\"@type\":\"PropertyValueSpecification\",\"valueRequired\":true,\"valueName\":\"search_term_string\"}}],\"inLanguage\":\"ca\"},{\"@type\":\"Organization\",\"@id\":\"https:\/\/waveconsultores.com\/#organization\",\"name\":\"Wave Consultores\",\"url\":\"https:\/\/waveconsultores.com\/\",\"logo\":{\"@type\":\"ImageObject\",\"inLanguage\":\"ca\",\"@id\":\"https:\/\/waveconsultores.com\/#\/schema\/logo\/image\/\",\"url\":\"https:\/\/waveconsultores.com\/wp-content\/uploads\/2025\/03\/logo.jpeg\",\"contentUrl\":\"https:\/\/waveconsultores.com\/wp-content\/uploads\/2025\/03\/logo.jpeg\",\"width\":167,\"height\":88,\"caption\":\"Wave Consultores\"},\"image\":{\"@id\":\"https:\/\/waveconsultores.com\/#\/schema\/logo\/image\/\"}}]}<\/script>\n<!-- \/ Yoast SEO plugin. -->","yoast_head_json":{"title":"Mapa web - Wave Consultores","robots":{"index":"index","follow":"follow","max-snippet":"max-snippet:-1","max-image-preview":"max-image-preview:large","max-video-preview":"max-video-preview:-1"},"canonical":"https:\/\/waveconsultores.com\/ca\/mapa-web\/","og_locale":"ca_ES","og_type":"article","og_title":"Mapa web - Wave Consultores","og_url":"https:\/\/waveconsultores.com\/ca\/mapa-web\/","og_site_name":"Wave Consultores","article_modified_time":"2025-03-13T10:11:42+00:00","twitter_card":"summary_large_image","schema":{"@context":"https:\/\/schema.org","@graph":[{"@type":"WebPage","@id":"https:\/\/waveconsultores.com\/mapa-web\/","url":"https:\/\/waveconsultores.com\/mapa-web\/","name":"Mapa web - Wave Consultores","isPartOf":{"@id":"https:\/\/waveconsultores.com\/#website"},"datePublished":"2025-03-12T08:54:58+00:00","dateModified":"2025-03-13T10:11:42+00:00","breadcrumb":{"@id":"https:\/\/waveconsultores.com\/mapa-web\/#breadcrumb"},"inLanguage":"ca","potentialAction":[{"@type":"ReadAction","target":["https:\/\/waveconsultores.com\/mapa-web\/"]}]},{"@type":"BreadcrumbList","@id":"https:\/\/waveconsultores.com\/mapa-web\/#breadcrumb","itemListElement":[{"@type":"ListItem","position":1,"name":"Portada","item":"https:\/\/waveconsultores.com\/"},{"@type":"ListItem","position":2,"name":"Mapa web"}]},{"@type":"WebSite","@id":"https:\/\/waveconsultores.com\/#website","url":"https:\/\/waveconsultores.com\/","name":"Wave Consultors","description":"Consultoria i gesti\u00f3 empresarial","publisher":{"@id":"https:\/\/waveconsultores.com\/#organization"},"potentialAction":[{"@type":"SearchAction","target":{"@type":"EntryPoint","urlTemplate":"https:\/\/waveconsultores.com\/?s={search_term_string}"},"query-input":{"@type":"PropertyValueSpecification","valueRequired":true,"valueName":"search_term_string"}}],"inLanguage":"ca"},{"@type":"Organization","@id":"https:\/\/waveconsultores.com\/#organization","name":"Wave Consultors","url":"https:\/\/waveconsultores.com\/","logo":{"@type":"ImageObject","inLanguage":"ca","@id":"https:\/\/waveconsultores.com\/#\/schema\/logo\/image\/","url":"https:\/\/waveconsultores.com\/wp-content\/uploads\/2025\/03\/logo.jpeg","contentUrl":"https:\/\/waveconsultores.com\/wp-content\/uploads\/2025\/03\/logo.jpeg","width":167,"height":88,"caption":"Wave Consultores"},"image":{"@id":"https:\/\/waveconsultores.com\/#\/schema\/logo\/image\/"}}]}},"_links":{"self":[{"href":"https:\/\/waveconsultores.com\/ca\/wp-json\/wp\/v2\/pages\/12","targetHints":{"allow":["GET"]}}],"collection":[{"href":"https:\/\/waveconsultores.com\/ca\/wp-json\/wp\/v2\/pages"}],"about":[{"href":"https:\/\/waveconsultores.com\/ca\/wp-json\/wp\/v2\/types\/page"}],"author":[{"embeddable":true,"href":"https:\/\/waveconsultores.com\/ca\/wp-json\/wp\/v2\/users\/1"}],"replies":[{"embeddable":true,"href":"https:\/\/waveconsultores.com\/ca\/wp-json\/wp\/v2\/comments?post=12"}],"version-history":[{"count":7,"href":"https:\/\/waveconsultores.com\/ca\/wp-json\/wp\/v2\/pages\/12\/revisions"}],"predecessor-version":[{"id":917,"href":"https:\/\/waveconsultores.com\/ca\/wp-json\/wp\/v2\/pages\/12\/revisions\/917"}],"wp:attachment":[{"href":"https:\/\/waveconsultores.com\/ca\/wp-json\/wp\/v2\/media?parent=12"}],"curies":[{"name":"wp","href":"https:\/\/api.w.org\/{rel}","templated":true}]}}